{"id":805,"date":"2021-09-22T15:47:14","date_gmt":"2021-09-22T13:47:14","guid":{"rendered":"http:\/\/www.semaworld.test\/?post_type=product&#038;p=805"},"modified":"2026-03-06T15:11:13","modified_gmt":"2026-03-06T14:11:13","slug":"bio-bag","status":"publish","type":"product","link":"https:\/\/semaworld.com\/es\/produit\/bio-bag\/","title":{"rendered":"Bio Bag"},"content":{"rendered":"<p>Equipo estanco para abrir correos con seguridad que pueden contener agentes biol\u00f3gicos o qu\u00edmicos.<\/p>\n<p><img loading=\"lazy\" decoding=\"async\" class=\"alignnone size-full wp-image-1809\" src=\"https:\/\/semaworld.com\/wp-content\/uploads\/2021\/09\/BIO-BAG-ES.png\" alt=\"\" width=\"581\" height=\"89\" srcset=\"https:\/\/semaworld.com\/wp-content\/uploads\/2021\/09\/BIO-BAG-ES.png 581w, https:\/\/semaworld.com\/wp-content\/uploads\/2021\/09\/BIO-BAG-ES-300x46.png 300w\" sizes=\"(max-width: 581px) 100vw, 581px\" \/><\/p>\n<div style=\"width: 1920px;\" class=\"wp-video\"><video class=\"wp-video-shortcode\" id=\"video-805-3\" width=\"1920\" height=\"1080\" preload=\"metadata\" controls=\"controls\"><source type=\"video\/mp4\" src=\"https:\/\/semaworld.com\/wp-content\/uploads\/2021\/09\/Video-Bio-Bag-video-converter.com_.mp4?_=3\" \/><a href=\"https:\/\/semaworld.com\/wp-content\/uploads\/2021\/09\/Video-Bio-Bag-video-converter.com_.mp4\">https:\/\/semaworld.com\/wp-content\/uploads\/2021\/09\/Video-Bio-Bag-video-converter.com_.mp4<\/a><\/video><\/div>\n<p>&nbsp;<\/p>\n<p data-start=\"0\" data-end=\"307\"><span style=\"color: #808080\">El Bio Bag es un dispositivo de seguridad herm\u00e9tico con guantes integrados para la apertura del correo, que garantiza el confinamiento de todo tipo de agentes biol\u00f3gicos o qu\u00edmicos. Este equipo permite proteger al personal y a las infraestructuras frente a cualquier contaminaci\u00f3n por elementos t\u00f3xicos.<\/span><\/p>\n<p data-start=\"309\" data-end=\"488\"><span style=\"color: #808080\">Utilizado en todo tipo de entornos, el Bio Bag es la herramienta adecuada para proteger los servicios de correo ante la sospecha, o no, de sustancias peligrosas en un paquete.<\/span><\/p>\n<p data-start=\"490\" data-end=\"898\"><span style=\"color: #808080\">El Bio Bag act\u00faa como una barrera de confinamiento que permite manipular el correo con total seguridad. En caso de sospecha durante la apertura de un paquete, el Bio Bag se retira del local y se entrega a los servicios especializados para su an\u00e1lisis. Esta soluci\u00f3n tiene como objetivo evitar la dispersi\u00f3n de agentes biol\u00f3gicos y qu\u00edmicos, como ocurri\u00f3 en el caso de las cartas que conten\u00edan \u00e1ntrax.<\/span><\/p>\n<p data-start=\"900\" data-end=\"993\"><span style=\"color: #808080\">Gracias a su dise\u00f1o t\u00e9cnico y a sus materiales altamente resistentes, el Bio Bag permite:<\/span><\/p>\n<ul>\n<li data-start=\"997\" data-end=\"1067\"><span style=\"color: #808080\">Una apertura f\u00e1cil del correo y un control inmediato de su contenido<\/span><\/li>\n<li data-start=\"1070\" data-end=\"1100\"><span style=\"color: #808080\">La ausencia de contaminaci\u00f3n<\/span><\/li>\n<li data-start=\"1103\" data-end=\"1153\"><span style=\"color: #808080\">La seguridad del personal y de las instalaciones<\/span><\/li>\n<\/ul>\n<p data-start=\"1155\" data-end=\"1345\" data-is-last-node=\"\" data-is-only-node=\"\"><span style=\"color: #808080\">El Bio Bag est\u00e1 destinado a ser utilizado en los servicios de correo de todo tipo de estructuras p\u00fablicas y privadas, garantizando la protecci\u00f3n necesaria para el desempe\u00f1o de su misi\u00f3n.<\/span><\/p>\n<p><\/p>","protected":false},"excerpt":{"rendered":"<p>Protecci\u00f3n qu\u00edmica y biol\u00f3gica que permite manipulaciones como la apertura segura del correo. Equipo flexible, transparente y desplazable.<\/p>\n","protected":false},"featured_media":807,"template":"","meta":[],"product_cat":[20],"product_tag":[],"_links":{"self":[{"href":"https:\/\/semaworld.com\/es\/wp-json\/wp\/v2\/product\/805"}],"collection":[{"href":"https:\/\/semaworld.com\/es\/wp-json\/wp\/v2\/product"}],"about":[{"href":"https:\/\/semaworld.com\/es\/wp-json\/wp\/v2\/types\/product"}],"wp:featuredmedia":[{"embeddable":true,"href":"https:\/\/semaworld.com\/es\/wp-json\/wp\/v2\/media\/807"}],"wp:attachment":[{"href":"https:\/\/semaworld.com\/es\/wp-json\/wp\/v2\/media?parent=805"}],"wp:term":[{"taxonomy":"product_cat","embeddable":true,"href":"https:\/\/semaworld.com\/es\/wp-json\/wp\/v2\/product_cat?post=805"},{"taxonomy":"product_tag","embeddable":true,"href":"https:\/\/semaworld.com\/es\/wp-json\/wp\/v2\/product_tag?post=805"}],"curies":[{"name":"wp","href":"https:\/\/api.w.org\/{rel}","templated":true}]}}