{"id":803,"date":"2021-09-22T15:44:28","date_gmt":"2021-09-22T13:44:28","guid":{"rendered":"http:\/\/www.semaworld.test\/?post_type=product&#038;p=803"},"modified":"2026-03-12T14:02:11","modified_gmt":"2026-03-12T13:02:11","slug":"dirty-bomb-killer","status":"publish","type":"product","link":"https:\/\/semaworld.com\/es\/produit\/dirty-bomb-killer\/","title":{"rendered":"Dirty Bomb Killer"},"content":{"rendered":"<p>Equipo estanco para onda explosiva y amenazas qu\u00edmicas o biol\u00f3gicas en un \u00e1rea confinada. Este equipo evita la dispersi\u00f3n de los agentes t\u00f3xicos gas o l\u00edquido.<\/p>\n<p><img loading=\"lazy\" decoding=\"async\" class=\"alignnone size-full wp-image-1769\" src=\"https:\/\/semaworld.com\/wp-content\/uploads\/2021\/09\/DBK-Dimensions-ES.png\" alt=\"\" width=\"715\" height=\"138\" srcset=\"https:\/\/semaworld.com\/wp-content\/uploads\/2021\/09\/DBK-Dimensions-ES.png 715w, https:\/\/semaworld.com\/wp-content\/uploads\/2021\/09\/DBK-Dimensions-ES-300x58.png 300w\" sizes=\"(max-width: 715px) 100vw, 715px\" \/><\/p>\n<div style=\"width: 1920px;\" class=\"wp-video\"><video class=\"wp-video-shortcode\" id=\"video-803-3\" width=\"1920\" height=\"1080\" preload=\"metadata\" controls=\"controls\"><source type=\"video\/mp4\" src=\"https:\/\/semaworld.com\/wp-content\/uploads\/2021\/09\/vlc-record-2026-03-11-11h08m55s-Espagne-DBK-OCT2023.mp4-2.mp4?_=3\" \/><a href=\"https:\/\/semaworld.com\/wp-content\/uploads\/2021\/09\/vlc-record-2026-03-11-11h08m55s-Espagne-DBK-OCT2023.mp4-2.mp4\">https:\/\/semaworld.com\/wp-content\/uploads\/2021\/09\/vlc-record-2026-03-11-11h08m55s-Espagne-DBK-OCT2023.mp4-2.mp4<\/a><\/video><\/div>\n<p>&nbsp;<\/p>\n<p data-start=\"0\" data-end=\"383\"><span style=\"color: #808080\">El Dirty Bomb Killer es un equipo de protecci\u00f3n contra un ataque biol\u00f3gico o qu\u00edmico. Permite contener los elementos t\u00f3xicos l\u00edquidos y gaseosos liberados durante una explosi\u00f3n. Es una herramienta indispensable para las unidades especializadas CBRNe en la evacuaci\u00f3n de artefactos sospechosos y para proteger las infraestructuras y a las personas sin riesgo de contaminaci\u00f3n.<\/span><\/p>\n<p data-start=\"385\" data-end=\"911\" data-is-last-node=\"\" data-is-only-node=\"\"><span style=\"color: #808080\">Caracter\u00edsticas principales :<\/span><\/p>\n<ul>\n<li><span style=\"color: #808080\">Protecci\u00f3n: Dise\u00f1ado para contener y aislar una bolsa o un paquete sospechoso, limitando la exposici\u00f3n a fragmentaciones y a agentes t\u00f3xicos.<\/span><\/li>\n<li><span style=\"color: #808080\">Puede contener derrames l\u00edquidos de hasta 50 litros y difusiones gaseosas de 8 m\u00b3.<\/span><\/li>\n<li><span style=\"color: #808080\">Adaptado a espacios confinados y a todo tipo de evacuaci\u00f3n.<\/span><\/li>\n<li><span style=\"color: #808080\">El Dirty Bomb Killer es una herramienta destinada a equipos especializados, unidades EOD y CBRNe, para garantizar la m\u00e1xima protecci\u00f3n frente a amenazas qu\u00edmicas y biol\u00f3gicas.<\/span><\/li>\n<\/ul>\n<p><\/p>","protected":false},"excerpt":{"rendered":"<p>Equipo para una amenaza qu\u00edmica o biol\u00f3gica en un espacio confinado. Permite la evacuaci\u00f3n segura de la amenaza para evitar la dispersi\u00f3n de agentes t\u00f3xicos. Posibilidad de rayos X.<\/p>\n<p>NNO<\/p>\n","protected":false},"featured_media":804,"template":"","meta":[],"product_cat":[20],"product_tag":[],"_links":{"self":[{"href":"https:\/\/semaworld.com\/es\/wp-json\/wp\/v2\/product\/803"}],"collection":[{"href":"https:\/\/semaworld.com\/es\/wp-json\/wp\/v2\/product"}],"about":[{"href":"https:\/\/semaworld.com\/es\/wp-json\/wp\/v2\/types\/product"}],"wp:featuredmedia":[{"embeddable":true,"href":"https:\/\/semaworld.com\/es\/wp-json\/wp\/v2\/media\/804"}],"wp:attachment":[{"href":"https:\/\/semaworld.com\/es\/wp-json\/wp\/v2\/media?parent=803"}],"wp:term":[{"taxonomy":"product_cat","embeddable":true,"href":"https:\/\/semaworld.com\/es\/wp-json\/wp\/v2\/product_cat?post=803"},{"taxonomy":"product_tag","embeddable":true,"href":"https:\/\/semaworld.com\/es\/wp-json\/wp\/v2\/product_tag?post=803"}],"curies":[{"name":"wp","href":"https:\/\/api.w.org\/{rel}","templated":true}]}}