{"id":729,"date":"2021-09-22T14:31:31","date_gmt":"2021-09-22T12:31:31","guid":{"rendered":"http:\/\/www.semaworld.test\/?post_type=product&#038;p=729"},"modified":"2021-10-08T12:48:08","modified_gmt":"2021-10-08T10:48:08","slug":"letter-bomb-killer","status":"publish","type":"product","link":"https:\/\/semaworld.com\/es\/produit\/letter-bomb-killer\/","title":{"rendered":"Letter Bomb Killer"},"content":{"rendered":"<p>Equipo de seguridad para servicios de correo en edificios p\u00fablicos o empresas privadas en caso de un correo o paquete sospechoso. Absorci\u00f3n de la onda explosiva y fragmentaci\u00f3n.<\/p>\n<p><img loading=\"lazy\" decoding=\"async\" class=\"alignnone size-full wp-image-1775\" src=\"https:\/\/semaworld.com\/wp-content\/uploads\/2021\/09\/LBK-Dimensions-ES.png\" alt=\"\" width=\"590\" height=\"88\" srcset=\"https:\/\/semaworld.com\/wp-content\/uploads\/2021\/09\/LBK-Dimensions-ES.png 590w, https:\/\/semaworld.com\/wp-content\/uploads\/2021\/09\/LBK-Dimensions-ES-300x45.png 300w\" sizes=\"(max-width: 590px) 100vw, 590px\" \/><\/p>","protected":false},"excerpt":{"rendered":"<p>Equipo de protecci\u00f3n para servicios de mensajer\u00eda en edificios privados o estatales contra mensajeros y paquetes que puedan contener explosivos.<\/p>\n","protected":false},"featured_media":280,"template":"","meta":[],"product_cat":[17],"product_tag":[],"_links":{"self":[{"href":"https:\/\/semaworld.com\/es\/wp-json\/wp\/v2\/product\/729"}],"collection":[{"href":"https:\/\/semaworld.com\/es\/wp-json\/wp\/v2\/product"}],"about":[{"href":"https:\/\/semaworld.com\/es\/wp-json\/wp\/v2\/types\/product"}],"wp:featuredmedia":[{"embeddable":true,"href":"https:\/\/semaworld.com\/es\/wp-json\/wp\/v2\/media\/280"}],"wp:attachment":[{"href":"https:\/\/semaworld.com\/es\/wp-json\/wp\/v2\/media?parent=729"}],"wp:term":[{"taxonomy":"product_cat","embeddable":true,"href":"https:\/\/semaworld.com\/es\/wp-json\/wp\/v2\/product_cat?post=729"},{"taxonomy":"product_tag","embeddable":true,"href":"https:\/\/semaworld.com\/es\/wp-json\/wp\/v2\/product_tag?post=729"}],"curies":[{"name":"wp","href":"https:\/\/api.w.org\/{rel}","templated":true}]}}