{"id":726,"date":"2021-09-22T14:20:59","date_gmt":"2021-09-22T12:20:59","guid":{"rendered":"http:\/\/www.semaworld.test\/?post_type=product&#038;p=726"},"modified":"2026-02-20T10:28:41","modified_gmt":"2026-02-20T09:28:41","slug":"absolute-shield","status":"publish","type":"product","link":"https:\/\/semaworld.com\/es\/produit\/absolute-shield\/","title":{"rendered":"Absolute Shield"},"content":{"rendered":"<p>Equipo de protecci\u00f3n interno o externo contra armas de guerra con un sistema de rebote y artefactos explosivos con fragmentaci\u00f3n. Disponible en varios tama\u00f1os y muchas configuraciones.<\/p>\n<p><img loading=\"lazy\" decoding=\"async\" class=\"alignnone size-full wp-image-1788\" src=\"https:\/\/semaworld.com\/wp-content\/uploads\/2021\/09\/AS-Dimensions-ES2.png\" alt=\"\" width=\"645\" height=\"101\" srcset=\"https:\/\/semaworld.com\/wp-content\/uploads\/2021\/09\/AS-Dimensions-ES2.png 645w, https:\/\/semaworld.com\/wp-content\/uploads\/2021\/09\/AS-Dimensions-ES2-300x47.png 300w\" sizes=\"(max-width: 645px) 100vw, 645px\" \/><\/p>\n<p>&nbsp;<\/p>\n<div style=\"width: 1000px;\" class=\"wp-video\"><video class=\"wp-video-shortcode\" id=\"video-726-3\" width=\"1000\" height=\"1000\" preload=\"metadata\" controls=\"controls\"><source type=\"video\/mp4\" src=\"https:\/\/semaworld.com\/wp-content\/uploads\/2021\/09\/test-as.movie_.mp4?_=3\" \/><a href=\"https:\/\/semaworld.com\/wp-content\/uploads\/2021\/09\/test-as.movie_.mp4\">https:\/\/semaworld.com\/wp-content\/uploads\/2021\/09\/test-as.movie_.mp4<\/a><\/video><\/div>\n<p>&nbsp;<\/p>\n<p data-start=\"0\" data-end=\"378\"><span style=\"color: #808080\">El Absolute Shield ha sido desarrollado para responder a la amenaza de atentados que combinan explosivos y fusiles de asalto en espacios abiertos al p\u00fablico. Protege contra el blast y la fragmentaci\u00f3n de una explosi\u00f3n, as\u00ed como contra disparos de armas autom\u00e1ticas, deteniendo las balas y evitando los rebotes hasta un \u00e1ngulo de incidencia de 10\u00b0 en cada una de sus caras.<\/span><\/p>\n<p data-start=\"380\" data-end=\"809\"><span style=\"color: #808080\">Particularmente adaptado para estaciones, aeropuertos y vest\u00edbulos, el AS permite mantener la visibilidad del espacio, y el revestimiento de sus diferentes modelos lo transforma en mobiliario urbano. La combinaci\u00f3n de varios AS garantiza la protecci\u00f3n de grandes zonas tanto en interiores como en exteriores. Tambi\u00e9n pueden realizarse versiones espec\u00edficas, como mostradores de recepci\u00f3n a medida para sitios sensibles.<\/span><\/p>\n<p data-start=\"811\" data-end=\"905\"><span style=\"color: #808080\">Una soluci\u00f3n concebida para ofrecer un alto nivel de seguridad en zonas p\u00fablicas y privadas.<\/span><\/p>\n<p data-start=\"907\" data-end=\"1071\" data-is-last-node=\"\" data-is-only-node=\"\"><span style=\"color: #808080\">El Absolute Shield encarna el compromiso de SEMAWORLD de ofrecer soluciones de protecci\u00f3n fiables, evolutivas y adaptadas a los desaf\u00edos actuales y futuros.<\/span><\/p>\n<p><\/p>","protected":false},"excerpt":{"rendered":"<p>Protecci\u00f3n interior o exterior, contra \u00a0ataques con coche bomba, kamikaze, Artefactos explosivos, armas y fusiles de asalto. Dispositivo de rebote para parar las balas hasta un disparo tangencial a 10\u00b0, desviar la onda y parar la fragmentaci\u00f3n.<\/p>\n","protected":false},"featured_media":727,"template":"","meta":[],"product_cat":[17],"product_tag":[],"_links":{"self":[{"href":"https:\/\/semaworld.com\/es\/wp-json\/wp\/v2\/product\/726"}],"collection":[{"href":"https:\/\/semaworld.com\/es\/wp-json\/wp\/v2\/product"}],"about":[{"href":"https:\/\/semaworld.com\/es\/wp-json\/wp\/v2\/types\/product"}],"wp:featuredmedia":[{"embeddable":true,"href":"https:\/\/semaworld.com\/es\/wp-json\/wp\/v2\/media\/727"}],"wp:attachment":[{"href":"https:\/\/semaworld.com\/es\/wp-json\/wp\/v2\/media?parent=726"}],"wp:term":[{"taxonomy":"product_cat","embeddable":true,"href":"https:\/\/semaworld.com\/es\/wp-json\/wp\/v2\/product_cat?post=726"},{"taxonomy":"product_tag","embeddable":true,"href":"https:\/\/semaworld.com\/es\/wp-json\/wp\/v2\/product_tag?post=726"}],"curies":[{"name":"wp","href":"https:\/\/api.w.org\/{rel}","templated":true}]}}