{"id":714,"date":"2021-09-22T11:09:38","date_gmt":"2021-09-22T09:09:38","guid":{"rendered":"http:\/\/www.semaworld.test\/?post_type=product&#038;p=714"},"modified":"2021-10-08T16:06:17","modified_gmt":"2021-10-08T14:06:17","slug":"aircraft-bomb-killer","status":"publish","type":"product","link":"https:\/\/semaworld.com\/es\/produit\/aircraft-bomb-killer\/","title":{"rendered":"Aircraft Bomb Killer"},"content":{"rendered":"<p>Equipo de seguridad a bordo del avi\u00f3n, instalado en la zona de seguridad para proteger los pasajeros, tripulaci\u00f3n y avi\u00f3n si un equipaje de mano parece sospechoso durante el vuelo. Absorci\u00f3n total de la onda explosiva.<\/p>\n<p>&nbsp;<\/p>\n<p><img loading=\"lazy\" decoding=\"async\" class=\"alignnone size-full wp-image-1825\" src=\"https:\/\/semaworld.com\/wp-content\/uploads\/2021\/09\/ABK-Dimensions-ES-1.png\" alt=\"\" width=\"635\" height=\"75\" srcset=\"https:\/\/semaworld.com\/wp-content\/uploads\/2021\/09\/ABK-Dimensions-ES-1.png 635w, https:\/\/semaworld.com\/wp-content\/uploads\/2021\/09\/ABK-Dimensions-ES-1-300x35.png 300w\" sizes=\"(max-width: 635px) 100vw, 635px\" \/><\/p>\n<p><div style=\"width: 1920px;\" class=\"wp-video\"><video class=\"wp-video-shortcode\" id=\"video-714-3\" width=\"1920\" height=\"1080\" preload=\"metadata\" controls=\"controls\"><source type=\"video\/mp4\" src=\"https:\/\/semaworld.com\/wp-content\/uploads\/2021\/09\/ABK-747-Court-avant-video-converter.com_.mp4?_=3\" \/><a href=\"https:\/\/semaworld.com\/wp-content\/uploads\/2021\/09\/ABK-747-Court-avant-video-converter.com_.mp4\">https:\/\/semaworld.com\/wp-content\/uploads\/2021\/09\/ABK-747-Court-avant-video-converter.com_.mp4<\/a><\/video><\/div><\/p>","protected":false},"excerpt":{"rendered":"<p>Equipo para contener la onda explosiva (absorci\u00f3n y confinamiento) de equipaje de mano que presenten un riesgo potencial de explosi\u00f3n durante un vuelo comercial, \u00a0deposito en la zona segura.<\/p>\n","protected":false},"featured_media":275,"template":"","meta":[],"product_cat":[17],"product_tag":[],"_links":{"self":[{"href":"https:\/\/semaworld.com\/es\/wp-json\/wp\/v2\/product\/714"}],"collection":[{"href":"https:\/\/semaworld.com\/es\/wp-json\/wp\/v2\/product"}],"about":[{"href":"https:\/\/semaworld.com\/es\/wp-json\/wp\/v2\/types\/product"}],"wp:featuredmedia":[{"embeddable":true,"href":"https:\/\/semaworld.com\/es\/wp-json\/wp\/v2\/media\/275"}],"wp:attachment":[{"href":"https:\/\/semaworld.com\/es\/wp-json\/wp\/v2\/media?parent=714"}],"wp:term":[{"taxonomy":"product_cat","embeddable":true,"href":"https:\/\/semaworld.com\/es\/wp-json\/wp\/v2\/product_cat?post=714"},{"taxonomy":"product_tag","embeddable":true,"href":"https:\/\/semaworld.com\/es\/wp-json\/wp\/v2\/product_tag?post=714"}],"curies":[{"name":"wp","href":"https:\/\/api.w.org\/{rel}","templated":true}]}}