{"id":713,"date":"2021-09-22T11:09:17","date_gmt":"2021-09-22T09:09:17","guid":{"rendered":"http:\/\/www.semaworld.test\/?post_type=product&#038;p=713"},"modified":"2026-02-16T16:29:57","modified_gmt":"2026-02-16T15:29:57","slug":"fire-wall","status":"publish","type":"product","link":"https:\/\/semaworld.com\/es\/produit\/fire-wall\/","title":{"rendered":"Fire Wall"},"content":{"rendered":"<p>Protecci\u00f3n interior contra terrorista suicida, onda explosiva absorbida y reducci\u00f3n de la fragmentaci\u00f3n. Posibilidad de hacer tama\u00f1os espec\u00edficos.<\/p>\n<p><img loading=\"lazy\" decoding=\"async\" class=\"alignnone size-full wp-image-1828\" src=\"https:\/\/semaworld.com\/wp-content\/uploads\/2021\/09\/FIRE-WALL-Dimensions-ES-2.png\" alt=\"\" width=\"628\" height=\"44\" srcset=\"https:\/\/semaworld.com\/wp-content\/uploads\/2021\/09\/FIRE-WALL-Dimensions-ES-2.png 628w, https:\/\/semaworld.com\/wp-content\/uploads\/2021\/09\/FIRE-WALL-Dimensions-ES-2-300x21.png 300w\" sizes=\"(max-width: 628px) 100vw, 628px\" \/><\/p>\n<p>&nbsp;<\/p>\n<p><div style=\"width: 1920px;\" class=\"wp-video\"><video class=\"wp-video-shortcode\" id=\"video-713-3\" width=\"1920\" height=\"1080\" preload=\"metadata\" controls=\"controls\"><source type=\"video\/mp4\" src=\"https:\/\/semaworld.com\/wp-content\/uploads\/2021\/09\/Fire-Wall-video-converter.com_.mp4?_=3\" \/><a href=\"https:\/\/semaworld.com\/wp-content\/uploads\/2021\/09\/Fire-Wall-video-converter.com_.mp4\">https:\/\/semaworld.com\/wp-content\/uploads\/2021\/09\/Fire-Wall-video-converter.com_.mp4<\/a><\/video><\/div><\/p>","protected":false},"excerpt":{"rendered":"<p style=\"text-align: left\">Protecci\u00f3n exterior o interior en la entrada de un edificio contra terroristas suicidas, coche bomba o artefactos explosivos improvisados. Protecci\u00f3n contra la onda explosiva y fragmentaci\u00f3n.<\/p>\n","protected":false},"featured_media":278,"template":"","meta":[],"product_cat":[17],"product_tag":[],"_links":{"self":[{"href":"https:\/\/semaworld.com\/es\/wp-json\/wp\/v2\/product\/713"}],"collection":[{"href":"https:\/\/semaworld.com\/es\/wp-json\/wp\/v2\/product"}],"about":[{"href":"https:\/\/semaworld.com\/es\/wp-json\/wp\/v2\/types\/product"}],"wp:featuredmedia":[{"embeddable":true,"href":"https:\/\/semaworld.com\/es\/wp-json\/wp\/v2\/media\/278"}],"wp:attachment":[{"href":"https:\/\/semaworld.com\/es\/wp-json\/wp\/v2\/media?parent=713"}],"wp:term":[{"taxonomy":"product_cat","embeddable":true,"href":"https:\/\/semaworld.com\/es\/wp-json\/wp\/v2\/product_cat?post=713"},{"taxonomy":"product_tag","embeddable":true,"href":"https:\/\/semaworld.com\/es\/wp-json\/wp\/v2\/product_tag?post=713"}],"curies":[{"name":"wp","href":"https:\/\/api.w.org\/{rel}","templated":true}]}}