{"id":712,"date":"2021-09-22T11:08:31","date_gmt":"2021-09-22T09:08:31","guid":{"rendered":"http:\/\/www.semaworld.test\/?post_type=product&#038;p=712"},"modified":"2026-02-19T15:44:14","modified_gmt":"2026-02-19T14:44:14","slug":"explosive-transport-equipment","status":"publish","type":"product","link":"https:\/\/semaworld.com\/es\/produit\/explosive-transport-equipment\/","title":{"rendered":"Explosive Transport Equipment"},"content":{"rendered":"<p>Malet\u00edn de transporte operativo para explosivos, granadas, detonadores y artefactos pirot\u00e9cnicos. Disponible en 1 box hasta 12, podemos tambi\u00e9n personalizar la dimensi\u00f3n del box.<\/p>\n<p><img loading=\"lazy\" decoding=\"async\" class=\"alignnone size-full wp-image-1783\" src=\"https:\/\/semaworld.com\/wp-content\/uploads\/2021\/09\/ETE-Dimensions-ES2.png\" alt=\"\" width=\"791\" height=\"135\" srcset=\"https:\/\/semaworld.com\/wp-content\/uploads\/2021\/09\/ETE-Dimensions-ES2.png 791w, https:\/\/semaworld.com\/wp-content\/uploads\/2021\/09\/ETE-Dimensions-ES2-300x51.png 300w, https:\/\/semaworld.com\/wp-content\/uploads\/2021\/09\/ETE-Dimensions-ES2-768x131.png 768w\" sizes=\"(max-width: 791px) 100vw, 791px\" \/><\/p>\n<div style=\"width: 640px;\" class=\"wp-video\"><video class=\"wp-video-shortcode\" id=\"video-712-3\" width=\"640\" height=\"480\" preload=\"metadata\" controls=\"controls\"><source type=\"video\/mp4\" src=\"https:\/\/semaworld.com\/wp-content\/uploads\/2021\/10\/ETE-Lithuanie-F1-Russe-SEP2009.mp4?_=3\" \/><a href=\"https:\/\/semaworld.com\/wp-content\/uploads\/2021\/10\/ETE-Lithuanie-F1-Russe-SEP2009.mp4\">https:\/\/semaworld.com\/wp-content\/uploads\/2021\/10\/ETE-Lithuanie-F1-Russe-SEP2009.mp4<\/a><\/video><\/div>\n<p data-start=\"0\" data-end=\"28\"><span style=\"color: #808080\"><strong data-start=\"0\" data-end=\"29\">Presentaci\u00f3n del producto<\/strong><\/span><\/p>\n<p data-start=\"30\" data-end=\"206\"><span style=\"color: #808080\"><strong>El Explosive Transportation Equipment (ETE)<\/strong> es una soluci\u00f3n especializada para el almacenamiento y el transporte seguro de explosivos, municiones y otros materiales peligrosos.<\/span><\/p>\n<p data-start=\"208\" data-end=\"427\"><span style=\"color: #808080\">Este equipo est\u00e1 dise\u00f1ado para responder a las necesidades de las fuerzas de seguridad, servicios militares, unidades de desactivaci\u00f3n de explosivos y organizaciones especializadas que deben trasladar cargas explosivas.<\/span><\/p>\n<p data-start=\"434\" data-end=\"461\"><span style=\"color: #808080\"><strong data-start=\"434\" data-end=\"461\">Uso y funci\u00f3n principal<\/strong><\/span><\/p>\n<ul>\n<li data-start=\"463\" data-end=\"647\"><span style=\"color: #808080\">El ETE permite la manipulaci\u00f3n, el almacenamiento y el transporte de explosivos, granadas, detonadores u otras cargas peligrosas por v\u00eda terrestre, a\u00e9rea o mar\u00edtima de manera segura.<\/span><\/li>\n<li data-start=\"649\" data-end=\"856\"><span style=\"color: #808080\">Est\u00e1 especialmente dise\u00f1ado para reducir los riesgos asociados al desplazamiento de materiales explosivos, garantizando protecci\u00f3n frente a impactos, vibraciones o influencias externas durante el transporte.<\/span><\/li>\n<\/ul>\n<p data-start=\"863\" data-end=\"894\"><span style=\"color: #808080\"><strong data-start=\"863\" data-end=\"894\">Caracter\u00edsticas principales<\/strong><\/span><\/p>\n<ul>\n<li data-start=\"896\" data-end=\"1213\"><span style=\"color: #808080\"><strong data-start=\"896\" data-end=\"919\">Seguridad reforzada<\/strong><\/span>\n<ul>\n<li data-start=\"896\" data-end=\"1213\"><span style=\"color: #808080\">M\u00e1xima protecci\u00f3n contra impactos e influencias f\u00edsicas, con compartimentos asegurados y materiales robustos adaptados.<\/span><\/li>\n<li data-start=\"896\" data-end=\"1213\"><span style=\"color: #808080\">Dise\u00f1ado para cumplir con las exigencias operativas de las misiones de transporte de explosivos, garantizando la seguridad de los operadores y de las zonas circundantes.<\/span><\/li>\n<\/ul>\n<\/li>\n<\/ul>\n<p>&nbsp;<\/p>\n<ul>\n<li data-start=\"1215\" data-end=\"1567\"><span style=\"color: #808080\"><strong data-start=\"1215\" data-end=\"1247\">Configuraci\u00f3n personalizable<\/strong><\/span>\n<ul>\n<li data-start=\"1215\" data-end=\"1567\"><span style=\"color: #808080\">Los tama\u00f1os de los cajones y compartimentos pueden personalizarse bajo pedido seg\u00fan las necesidades espec\u00edficas de los usuarios o los tipos de cargas a transportar.<\/span><\/li>\n<li data-start=\"1215\" data-end=\"1567\"><span style=\"color: #808080\">Esta adaptabilidad lo convierte en una soluci\u00f3n modular adecuada tanto para peque\u00f1as unidades especializadas como para grandes operaciones log\u00edsticas.<\/span><\/li>\n<\/ul>\n<\/li>\n<\/ul>\n<p>&nbsp;<\/p>\n<ul>\n<li data-start=\"1569\" data-end=\"1868\"><span style=\"color: #808080\"><strong data-start=\"1569\" data-end=\"1592\">Transporte vers\u00e1til<\/strong><\/span>\n<ul>\n<li data-start=\"1569\" data-end=\"1868\"><span style=\"color: #808080\">Dise\u00f1ado para su uso en veh\u00edculos terrestres, aeronaves o embarcaciones, con sistemas de sujeci\u00f3n y fijaci\u00f3n adaptados a los entornos de transporte m\u00e1s exigentes.<\/span><\/li>\n<li data-start=\"1569\" data-end=\"1868\"><span style=\"color: #808080\">Ofrece una f\u00e1cil integraci\u00f3n en las cadenas log\u00edsticas de las fuerzas del orden o de las unidades militares.<\/span><\/li>\n<\/ul>\n<\/li>\n<\/ul>\n<p data-start=\"1875\" data-end=\"1900\"><span style=\"color: #808080\"><strong data-start=\"1875\" data-end=\"1900\">Ventajas y beneficios<\/strong><\/span><\/p>\n<ul>\n<li data-start=\"1904\" data-end=\"2197\"><span style=\"color: #808080\"><strong data-start=\"1904\" data-end=\"1924\">Mayor seguridad:<\/strong> El ETE protege eficazmente al personal y a los bienes frente a los riesgos relacionados con explosiones accidentales o manipulaciones imprudentes durante el transporte de cargas explosivas. No se observa interacci\u00f3n ni iniciaci\u00f3n entre los compartimentos independientes.<\/span><\/li>\n<li data-start=\"2200\" data-end=\"2293\"><span style=\"color: #808080\"><strong data-start=\"2200\" data-end=\"2227\">Inspecci\u00f3n por rayos X:<\/strong> Permite la inspecci\u00f3n por rayos X de las cargas en su interior.<\/span><\/li>\n<li data-start=\"2296\" data-end=\"2489\"><span style=\"color: #808080\"><strong data-start=\"2296\" data-end=\"2321\">Fiabilidad operativa:<\/strong> Su dise\u00f1o robusto y modular permite su uso en distintos contextos de intervenci\u00f3n \u2014 civiles, militares o industriales \u2014 sin comprometer la seguridad ni el rendimiento.<\/span><\/li>\n<\/ul>\n<p data-start=\"2496\" data-end=\"2520\"><span style=\"color: #808080\"><strong data-start=\"2496\" data-end=\"2520\">Aplicaciones t\u00edpicas<\/strong><\/span><\/p>\n<ul>\n<li data-start=\"2524\" data-end=\"2606\"><span style=\"color: #808080\">Transporte de granadas, cargas explosivas o municiones hacia zonas de operaci\u00f3n.<\/span><\/li>\n<li data-start=\"2609\" data-end=\"2725\"><span style=\"color: #808080\">Almacenamiento seguro en zonas de tr\u00e1nsito o de manipulaci\u00f3n antes de su destrucci\u00f3n o intervenci\u00f3n especializada.<\/span><\/li>\n<li data-start=\"2728\" data-end=\"2852\"><span style=\"color: #808080\">Log\u00edstica integrada en operaciones militares, policiales o civiles que requieran el desplazamiento de materiales explosivos.<\/span><\/li>\n<\/ul>\n<p><\/p>","protected":false},"excerpt":{"rendered":"<p>Soluci\u00f3n para el almacenamiento, transporte operativo de granadas, explosivos y detonadores por tierra, aire o mar. Podemos modificar las dimensiones en largo de los casilleros.<\/p>\n<p>NNO<\/p>\n","protected":false},"featured_media":718,"template":"","meta":[],"product_cat":[17],"product_tag":[],"_links":{"self":[{"href":"https:\/\/semaworld.com\/es\/wp-json\/wp\/v2\/product\/712"}],"collection":[{"href":"https:\/\/semaworld.com\/es\/wp-json\/wp\/v2\/product"}],"about":[{"href":"https:\/\/semaworld.com\/es\/wp-json\/wp\/v2\/types\/product"}],"wp:featuredmedia":[{"embeddable":true,"href":"https:\/\/semaworld.com\/es\/wp-json\/wp\/v2\/media\/718"}],"wp:attachment":[{"href":"https:\/\/semaworld.com\/es\/wp-json\/wp\/v2\/media?parent=712"}],"wp:term":[{"taxonomy":"product_cat","embeddable":true,"href":"https:\/\/semaworld.com\/es\/wp-json\/wp\/v2\/product_cat?post=712"},{"taxonomy":"product_tag","embeddable":true,"href":"https:\/\/semaworld.com\/es\/wp-json\/wp\/v2\/product_tag?post=712"}],"curies":[{"name":"wp","href":"https:\/\/api.w.org\/{rel}","templated":true}]}}