{"id":589,"date":"2021-09-21T14:37:04","date_gmt":"2021-09-21T12:37:04","guid":{"rendered":"http:\/\/www.semaworld.test\/?post_type=product&#038;p=589"},"modified":"2021-10-08T13:33:37","modified_gmt":"2021-10-08T11:33:37","slug":"na-wall","status":"publish","type":"product","link":"https:\/\/semaworld.com\/es\/produit\/na-wall\/","title":{"rendered":"Na Wall"},"content":{"rendered":"<p>Punto de control m\u00f3vil en v\u00eda p\u00fablica, \u00e1reas estrat\u00e9gicas contra ataques suicidas, RPG o coche bomba. Protecci\u00f3n de Fuerzas Especiales en camino a un objetivo, en todos los campos.<\/p>\n<p><img loading=\"lazy\" decoding=\"async\" class=\"alignnone size-full wp-image-1804\" src=\"https:\/\/semaworld.com\/wp-content\/uploads\/2021\/09\/NW-Dimensions-ES.png\" alt=\"\" width=\"689\" height=\"56\" srcset=\"https:\/\/semaworld.com\/wp-content\/uploads\/2021\/09\/NW-Dimensions-ES.png 689w, https:\/\/semaworld.com\/wp-content\/uploads\/2021\/09\/NW-Dimensions-ES-300x24.png 300w\" sizes=\"(max-width: 689px) 100vw, 689px\" \/><\/p>\n<p><div style=\"width: 720px;\" class=\"wp-video\"><video class=\"wp-video-shortcode\" id=\"video-589-3\" width=\"720\" height=\"576\" preload=\"metadata\" controls=\"controls\"><source type=\"video\/mp4\" src=\"https:\/\/semaworld.com\/wp-content\/uploads\/2021\/09\/NA06-_video-converter.com_.mp4?_=3\" \/><a href=\"https:\/\/semaworld.com\/wp-content\/uploads\/2021\/09\/NA06-_video-converter.com_.mp4\">https:\/\/semaworld.com\/wp-content\/uploads\/2021\/09\/NA06-_video-converter.com_.mp4<\/a><\/video><\/div><\/p>","protected":false},"excerpt":{"rendered":"<p>Protecci\u00f3n contra ataques de RPG, coche bomba o terroristas suicidas. Un puesto de control m\u00f3vil, f\u00e1cil y r\u00e1pido de configurar. Absorci\u00f3n y deflexi\u00f3n de la explosi\u00f3n, parar la fragmentaci\u00f3n.<\/p>\n","protected":false},"featured_media":590,"template":"","meta":[],"product_cat":[17],"product_tag":[],"_links":{"self":[{"href":"https:\/\/semaworld.com\/es\/wp-json\/wp\/v2\/product\/589"}],"collection":[{"href":"https:\/\/semaworld.com\/es\/wp-json\/wp\/v2\/product"}],"about":[{"href":"https:\/\/semaworld.com\/es\/wp-json\/wp\/v2\/types\/product"}],"wp:featuredmedia":[{"embeddable":true,"href":"https:\/\/semaworld.com\/es\/wp-json\/wp\/v2\/media\/590"}],"wp:attachment":[{"href":"https:\/\/semaworld.com\/es\/wp-json\/wp\/v2\/media?parent=589"}],"wp:term":[{"taxonomy":"product_cat","embeddable":true,"href":"https:\/\/semaworld.com\/es\/wp-json\/wp\/v2\/product_cat?post=589"},{"taxonomy":"product_tag","embeddable":true,"href":"https:\/\/semaworld.com\/es\/wp-json\/wp\/v2\/product_tag?post=589"}],"curies":[{"name":"wp","href":"https:\/\/api.w.org\/{rel}","templated":true}]}}