{"id":302,"date":"2021-09-20T11:47:37","date_gmt":"2021-09-20T09:47:37","guid":{"rendered":"http:\/\/www.semaworld.test\/?post_type=product&#038;p=302"},"modified":"2026-02-19T15:38:30","modified_gmt":"2026-02-19T14:38:30","slug":"ground-bomb-killer","status":"publish","type":"product","link":"https:\/\/semaworld.com\/es\/produit\/ground-bomb-killer\/","title":{"rendered":"Ground Bomb Killer"},"content":{"rendered":"<p>Producto de confinamiento de la onda explosiva, disponible en 4 tama\u00f1os y m\u00faltiples niveles de protecci\u00f3n de velocidad de la fragmentaci\u00f3n lateral. (Norma Stanag 2920 \u2013 1.102g)<\/p>\n<p>Asegurar a las personas y los edificios, en caso de un paquete sospechoso.<\/p>\n<p><img loading=\"lazy\" decoding=\"async\" class=\"alignnone wp-image-1977 size-full\" src=\"https:\/\/semaworld.com\/wp-content\/uploads\/2021\/09\/ES.png\" alt=\"\" width=\"977\" height=\"218\" srcset=\"https:\/\/semaworld.com\/wp-content\/uploads\/2021\/09\/ES.png 977w, https:\/\/semaworld.com\/wp-content\/uploads\/2021\/09\/ES-300x67.png 300w, https:\/\/semaworld.com\/wp-content\/uploads\/2021\/09\/ES-768x171.png 768w\" sizes=\"(max-width: 977px) 100vw, 977px\" \/><\/p>\n<div style=\"width: 1920px;\" class=\"wp-video\"><video class=\"wp-video-shortcode\" id=\"video-302-3\" width=\"1920\" height=\"1080\" preload=\"metadata\" controls=\"controls\"><source type=\"video\/mp4\" src=\"https:\/\/semaworld.com\/wp-content\/uploads\/2021\/09\/gbk.mp4?_=3\" \/><a href=\"https:\/\/semaworld.com\/wp-content\/uploads\/2021\/09\/gbk.mp4\">https:\/\/semaworld.com\/wp-content\/uploads\/2021\/09\/gbk.mp4<\/a><\/video><\/div>\n<p data-start=\"0\" data-end=\"29\"><span style=\"color: #808080\"><strong data-start=\"0\" data-end=\"29\">Presentaci\u00f3n del producto<\/strong><\/span><\/p>\n<p data-start=\"31\" data-end=\"286\"><span style=\"color: #808080\">El Ground Bomb Killer (GBK) es una soluci\u00f3n innovadora de protecci\u00f3n anti-explosiva dise\u00f1ada para neutralizar los efectos destructivos de los artefactos explosivos improvisados (IED) y de objetos sospechosos hasta la llegada de los equipos especializados.<\/span><\/p>\n<p data-start=\"288\" data-end=\"452\"><span style=\"color: #808080\">Desarrollado y patentado por SEMAWORLD, este dispositivo se utiliza en todos los continentes por fuerzas de seguridad civiles, militares y servicios especializados.<\/span><\/p>\n<p data-start=\"459\" data-end=\"482\"><span style=\"color: #808080\"><strong data-start=\"459\" data-end=\"482\">Descripci\u00f3n t\u00e9cnica<\/strong><\/span><\/p>\n<ul>\n<li data-start=\"484\" data-end=\"662\"><span style=\"color: #808080\"><strong data-start=\"484\" data-end=\"507\">Objetivo principal:<\/strong> confinar una explosi\u00f3n, protegiendo horizontalmente contra la fragmentaci\u00f3n y la onda expansiva de un IED, reduciendo as\u00ed los da\u00f1os a personas y bienes.<\/span><\/li>\n<li data-start=\"664\" data-end=\"873\"><span style=\"color: #808080\"><strong data-start=\"664\" data-end=\"683\">Funcionamiento:<\/strong> el GBK, gracias a su dise\u00f1o flexible, canaliza la potencia de la explosi\u00f3n hacia arriba, limitando las proyecciones laterales y garantizando la seguridad alrededor del punto de explosi\u00f3n.<\/span><\/li>\n<li data-start=\"875\" data-end=\"1020\"><span style=\"color: #808080\"><strong data-start=\"875\" data-end=\"891\">Instalaci\u00f3n:<\/strong> muy r\u00e1pida y sin necesidad de formaci\u00f3n especializada \u2014 el operador simplemente coloca el GBK alrededor del objeto sospechoso.<\/span><\/li>\n<li data-start=\"1022\" data-end=\"1240\"><span style=\"color: #808080\"><strong data-start=\"1022\" data-end=\"1046\">Materiales y normas:<\/strong> el GBK est\u00e1 dise\u00f1ado para garantizar distintos niveles de protecci\u00f3n contra fragmentos conforme a la norma STANAG 2920 V50 (ensayo internacional de resistencia bal\u00edstica frente a fragmentos).<\/span><\/li>\n<li data-start=\"1242\" data-end=\"1447\"><span style=\"color: #808080\"><strong data-start=\"1242\" data-end=\"1256\">Variantes:<\/strong> disponible en varios tama\u00f1os y capacidades, adaptadas a objetos que van desde un peque\u00f1o equipaje hasta un trolley m\u00e1s voluminoso, con niveles de resistencia ajustados seg\u00fan las necesidades.<\/span><\/li>\n<\/ul>\n<p data-start=\"1454\" data-end=\"1479\"><span style=\"color: #808080\"><strong data-start=\"1454\" data-end=\"1479\">Ventajas y beneficios<\/strong><\/span><\/p>\n<p data-start=\"1481\" data-end=\"1655\"><span style=\"color: #808080\">El GBK permite la inspecci\u00f3n por rayos X del objeto sospechoso sin necesidad de moverlo. Gracias a su dise\u00f1o y a los materiales espec\u00edficos utilizados, los operadores pueden:<\/span><\/p>\n<ul>\n<li data-start=\"1659\" data-end=\"1734\"><span style=\"color: #808080\">realizar un control radiogr\u00e1fico (rayos X) directamente a trav\u00e9s del GBK,<\/span><\/li>\n<li data-start=\"1737\" data-end=\"1803\"><span style=\"color: #808080\">analizar el contenido del objeto sospechoso con total seguridad,<\/span><\/li>\n<li data-start=\"1806\" data-end=\"1864\"><span style=\"color: #808080\">desplegar unidades K9 para detectar una posible amenaza,<\/span><\/li>\n<li data-start=\"1867\" data-end=\"1995\"><span style=\"color: #808080\">evitar cualquier manipulaci\u00f3n o desplazamiento peligroso antes de la intervenci\u00f3n de los equipos de desactivaci\u00f3n de explosivos.<\/span><\/li>\n<\/ul>\n<p data-start=\"1997\" data-end=\"2193\"><span style=\"color: #808080\">Esta funcionalidad mejora considerablemente la seguridad de los equipos sobre el terreno, reduce el tiempo de toma de decisiones y optimiza la gesti\u00f3n de amenazas explosivas en entornos sensibles.<\/span><\/p>\n<ul>\n<li data-start=\"2197\" data-end=\"2347\"><span style=\"color: #808080\"><strong data-start=\"2197\" data-end=\"2241\">Reducci\u00f3n de da\u00f1os humanos y materiales:<\/strong> al canalizar la energ\u00eda y limitar los fragmentos, el GBK protege a las personas y al entorno inmediato.<\/span><\/li>\n<li data-start=\"2350\" data-end=\"2487\"><span style=\"color: #808080\"><strong data-start=\"2350\" data-end=\"2379\">Acci\u00f3n r\u00e1pida y sencilla:<\/strong> permite asegurar una zona en situaci\u00f3n de emergencia antes de la llegada de los servicios especializados.<\/span><\/li>\n<li data-start=\"2490\" data-end=\"2568\"><span style=\"color: #808080\"><strong data-start=\"2490\" data-end=\"2503\">Vers\u00e1til:<\/strong> adaptable a distintos tipos de amenazas y objetos sospechosos.<\/span><\/li>\n<li data-start=\"2571\" data-end=\"2821\"><span style=\"color: #808080\"><strong data-start=\"2571\" data-end=\"2601\">Uso preventivo o reactivo:<\/strong> adecuado para lugares de alta afluencia donde un paquete sospechoso pueda representar un peligro: aeropuertos, estaciones, centros comerciales, edificios p\u00fablicos, estadios, hoteles, museos, parques de atracciones, etc.<\/span><\/li>\n<\/ul>\n<p data-start=\"2828\" data-end=\"2852\"><span style=\"color: #808080\"><strong data-start=\"2828\" data-end=\"2852\">Aplicaciones t\u00edpicas<\/strong><\/span><\/p>\n<p data-start=\"2854\" data-end=\"2933\"><span style=\"color: #808080\">El Ground Bomb Killer est\u00e1 dise\u00f1ado para utilizarse en los siguientes entornos:<\/span><\/p>\n<ul>\n<li data-start=\"2937\" data-end=\"3003\"><span style=\"color: #808080\">Transportes p\u00fablicos (aeropuertos, estaciones, metro, autobuses)<\/span><\/li>\n<li data-start=\"3006\" data-end=\"3049\"><span style=\"color: #808080\">Edificios gubernamentales e instituciones<\/span><\/li>\n<li data-start=\"3052\" data-end=\"3108\"><span style=\"color: #808080\">Centros comerciales y lugares p\u00fablicos muy concurridos<\/span><\/li>\n<li data-start=\"3111\" data-end=\"3144\"><span style=\"color: #808080\">Eventos deportivos o culturales<\/span><\/li>\n<li data-start=\"3147\" data-end=\"3214\"><span style=\"color: #808080\">Sitios sensibles que requieren una protecci\u00f3n anti-explosiva r\u00e1pida<\/span><\/li>\n<\/ul>\n<p><\/p>","protected":false},"excerpt":{"rendered":"<p>Primera protecci\u00f3n de personas contra artefactos explosivos improvisados en todos los lugares. Canalizaci\u00f3n vertical de la onda explosiva, parar la fragmentaci\u00f3n horizontal. Uso r\u00e1pido. Rayos X a trav\u00e9s. Disruptor por la parte superior.<\/p>\n<p>NNO<\/p>\n","protected":false},"featured_media":1609,"template":"","meta":[],"product_cat":[17],"product_tag":[],"_links":{"self":[{"href":"https:\/\/semaworld.com\/es\/wp-json\/wp\/v2\/product\/302"}],"collection":[{"href":"https:\/\/semaworld.com\/es\/wp-json\/wp\/v2\/product"}],"about":[{"href":"https:\/\/semaworld.com\/es\/wp-json\/wp\/v2\/types\/product"}],"wp:featuredmedia":[{"embeddable":true,"href":"https:\/\/semaworld.com\/es\/wp-json\/wp\/v2\/media\/1609"}],"wp:attachment":[{"href":"https:\/\/semaworld.com\/es\/wp-json\/wp\/v2\/media?parent=302"}],"wp:term":[{"taxonomy":"product_cat","embeddable":true,"href":"https:\/\/semaworld.com\/es\/wp-json\/wp\/v2\/product_cat?post=302"},{"taxonomy":"product_tag","embeddable":true,"href":"https:\/\/semaworld.com\/es\/wp-json\/wp\/v2\/product_tag?post=302"}],"curies":[{"name":"wp","href":"https:\/\/api.w.org\/{rel}","templated":true}]}}