{"id":2103,"date":"2026-03-12T16:50:54","date_gmt":"2026-03-12T15:50:54","guid":{"rendered":"https:\/\/semaworld.com\/?post_type=product&#038;p=2103"},"modified":"2026-03-13T11:35:55","modified_gmt":"2026-03-13T10:35:55","slug":"multiprotection-shield","status":"publish","type":"product","link":"https:\/\/semaworld.com\/es\/produit\/multiprotection-shield\/","title":{"rendered":"Multiprotection Shield"},"content":{"rendered":"<p><img loading=\"lazy\" decoding=\"async\" class=\"alignnone size-full wp-image-2132 aligncenter\" src=\"https:\/\/semaworld.com\/wp-content\/uploads\/2026\/03\/MS-ES-1.jpg\" alt=\"\" width=\"911\" height=\"252\" srcset=\"https:\/\/semaworld.com\/wp-content\/uploads\/2026\/03\/MS-ES-1.jpg 911w, https:\/\/semaworld.com\/wp-content\/uploads\/2026\/03\/MS-ES-1-300x83.jpg 300w, https:\/\/semaworld.com\/wp-content\/uploads\/2026\/03\/MS-ES-1-768x212.jpg 768w\" sizes=\"(max-width: 911px) 100vw, 911px\" \/><\/p>\n<p style=\"text-align: center\" data-start=\"48\" data-end=\"67\"><span style=\"color: #808080\">Nivel bal\u00edstico : <strong>NIJ 0101-04 III A<\/strong><\/span><\/p>\n<p style=\"text-align: center\"><span style=\"color: #808080\">STANAG 2920 &#8211; 1.102 g : <strong>v50 = 665m\/s<\/strong><\/span><\/p>\n<p style=\"text-align: center\"><span style=\"color: #808080\"><strong data-start=\"39\" data-end=\"64\">Opciones disponibles:<\/strong> cuero, bandolera desmontable, tama\u00f1os personalizados y otros niveles de protecci\u00f3n bal\u00edstica.<\/span><\/p>\n<p><span style=\"color: #808080\"><strong>Malet\u00edn bal\u00edstico multiprotecci\u00f3n<\/strong><\/span><\/p>\n<ul>\n<li><span style=\"color: #808080\"><strong data-start=\"160\" data-end=\"185\">Protecci\u00f3n individual<\/strong><\/span>\n<ul>\n<li><span style=\"color: #808080\">Protecci\u00f3n VIP \u2013 Escudo antibalas<\/span><\/li>\n<li><span style=\"color: #808080\">Malet\u00edn de 4 paneles dise\u00f1ado para un despliegue inmediato, configurable en dos partes de panel.<\/span><\/li>\n<\/ul>\n<\/li>\n<li><span style=\"color: #808080\"><strong data-start=\"326\" data-end=\"361\">Protecci\u00f3n en espacios p\u00fablicos<\/strong><\/span>\n<ul>\n<li><span style=\"color: #808080\">Primera respuesta contra los EEI en espacios p\u00fablicos.<\/span><\/li>\n<li><span style=\"color: #808080\">Instalaci\u00f3n f\u00e1cil y r\u00e1pida en diferentes configuraciones.<\/span><\/li>\n<li><span style=\"color: #808080\">Protecci\u00f3n de la operaci\u00f3n de exfiltraci\u00f3n de una persona.<\/span><\/li>\n<\/ul>\n<\/li>\n<li><span style=\"color: #808080\"><strong data-start=\"541\" data-end=\"568\">Protecci\u00f3n de veh\u00edculos<\/strong><\/span><br data-start=\"568\" data-end=\"571\" \/>\n<ul>\n<li><span style=\"color: #808080\">Alfombra antifragmentaci\u00f3n (antimina).<\/span><\/li>\n<li><span style=\"color: #808080\">Asiento de Cordura, alfombra con membrana reforzada.<\/span><\/li>\n<li><span style=\"color: #808080\">Protecciones laterales antibalas.<\/span><\/li>\n<\/ul>\n<\/li>\n<\/ul>\n<p><\/p>","protected":false},"excerpt":{"rendered":"<p>Malet\u00edn bal\u00edstico multiprotecci\u00f3n<\/p>\n","protected":false},"featured_media":2116,"template":"","meta":[],"product_cat":[19],"product_tag":[],"_links":{"self":[{"href":"https:\/\/semaworld.com\/es\/wp-json\/wp\/v2\/product\/2103"}],"collection":[{"href":"https:\/\/semaworld.com\/es\/wp-json\/wp\/v2\/product"}],"about":[{"href":"https:\/\/semaworld.com\/es\/wp-json\/wp\/v2\/types\/product"}],"wp:featuredmedia":[{"embeddable":true,"href":"https:\/\/semaworld.com\/es\/wp-json\/wp\/v2\/media\/2116"}],"wp:attachment":[{"href":"https:\/\/semaworld.com\/es\/wp-json\/wp\/v2\/media?parent=2103"}],"wp:term":[{"taxonomy":"product_cat","embeddable":true,"href":"https:\/\/semaworld.com\/es\/wp-json\/wp\/v2\/product_cat?post=2103"},{"taxonomy":"product_tag","embeddable":true,"href":"https:\/\/semaworld.com\/es\/wp-json\/wp\/v2\/product_tag?post=2103"}],"curies":[{"name":"wp","href":"https:\/\/api.w.org\/{rel}","templated":true}]}}