{"id":2002,"date":"2025-12-12T09:23:15","date_gmt":"2025-12-12T08:23:15","guid":{"rendered":"https:\/\/semaworld.com\/?post_type=product&#038;p=2002"},"modified":"2025-12-16T11:38:46","modified_gmt":"2025-12-16T10:38:46","slug":"battery-flight-equipment","status":"publish","type":"product","link":"https:\/\/semaworld.com\/es\/produit\/battery-flight-equipment\/","title":{"rendered":"Battery Flight Equipment"},"content":{"rendered":"<p><img loading=\"lazy\" decoding=\"async\" class=\"alignnone size-full wp-image-2021\" src=\"https:\/\/semaworld.com\/wp-content\/uploads\/2025\/12\/BFE-CT-ES.png\" alt=\"BFE\" width=\"1067\" height=\"459\" srcset=\"https:\/\/semaworld.com\/wp-content\/uploads\/2025\/12\/BFE-CT-ES.png 1067w, https:\/\/semaworld.com\/wp-content\/uploads\/2025\/12\/BFE-CT-ES-300x129.png 300w, https:\/\/semaworld.com\/wp-content\/uploads\/2025\/12\/BFE-CT-ES-1024x441.png 1024w, https:\/\/semaworld.com\/wp-content\/uploads\/2025\/12\/BFE-CT-ES-768x330.png 768w\" sizes=\"(max-width: 1067px) 100vw, 1067px\" \/><\/p>","protected":false},"excerpt":{"rendered":"<p>Equipo de seguridad para el transporte de bater\u00edas, tabletas, tel\u00e9fonos m\u00f3viles\u2026 por aire, tierra y mar.<\/p>\n","protected":false},"featured_media":2003,"template":"","meta":[],"product_cat":[17],"product_tag":[],"_links":{"self":[{"href":"https:\/\/semaworld.com\/es\/wp-json\/wp\/v2\/product\/2002"}],"collection":[{"href":"https:\/\/semaworld.com\/es\/wp-json\/wp\/v2\/product"}],"about":[{"href":"https:\/\/semaworld.com\/es\/wp-json\/wp\/v2\/types\/product"}],"wp:featuredmedia":[{"embeddable":true,"href":"https:\/\/semaworld.com\/es\/wp-json\/wp\/v2\/media\/2003"}],"wp:attachment":[{"href":"https:\/\/semaworld.com\/es\/wp-json\/wp\/v2\/media?parent=2002"}],"wp:term":[{"taxonomy":"product_cat","embeddable":true,"href":"https:\/\/semaworld.com\/es\/wp-json\/wp\/v2\/product_cat?post=2002"},{"taxonomy":"product_tag","embeddable":true,"href":"https:\/\/semaworld.com\/es\/wp-json\/wp\/v2\/product_tag?post=2002"}],"curies":[{"name":"wp","href":"https:\/\/api.w.org\/{rel}","templated":true}]}}