{"id":1988,"date":"2025-12-11T16:10:08","date_gmt":"2025-12-11T15:10:08","guid":{"rendered":"https:\/\/semaworld.com\/?post_type=product&#038;p=1988"},"modified":"2026-02-17T16:04:20","modified_gmt":"2026-02-17T15:04:20","slug":"eod-bag","status":"publish","type":"product","link":"https:\/\/semaworld.com\/es\/produit\/eod-bag\/","title":{"rendered":"EOD Bag"},"content":{"rendered":"<p><img loading=\"lazy\" decoding=\"async\" class=\"alignnone size-full wp-image-2016\" src=\"https:\/\/semaworld.com\/wp-content\/uploads\/2025\/12\/EOD-BAG-CT-EN.png\" alt=\"EOD BAG\" width=\"705\" height=\"339\" srcset=\"https:\/\/semaworld.com\/wp-content\/uploads\/2025\/12\/EOD-BAG-CT-EN.png 705w, https:\/\/semaworld.com\/wp-content\/uploads\/2025\/12\/EOD-BAG-CT-EN-300x144.png 300w\" sizes=\"(max-width: 705px) 100vw, 705px\" \/><\/p>\n<p><img loading=\"lazy\" decoding=\"async\" class=\"alignnone wp-image-2064\" src=\"https:\/\/semaworld.com\/wp-content\/uploads\/2025\/12\/eod-BAG-scaled.jpg\" alt=\"\" width=\"315\" height=\"237\" srcset=\"https:\/\/semaworld.com\/wp-content\/uploads\/2025\/12\/eod-BAG-scaled.jpg 2560w, https:\/\/semaworld.com\/wp-content\/uploads\/2025\/12\/eod-BAG-300x225.jpg 300w, https:\/\/semaworld.com\/wp-content\/uploads\/2025\/12\/eod-BAG-1024x768.jpg 1024w, https:\/\/semaworld.com\/wp-content\/uploads\/2025\/12\/eod-BAG-768x576.jpg 768w, https:\/\/semaworld.com\/wp-content\/uploads\/2025\/12\/eod-BAG-1536x1152.jpg 1536w, https:\/\/semaworld.com\/wp-content\/uploads\/2025\/12\/eod-BAG-2048x1536.jpg 2048w\" sizes=\"(max-width: 315px) 100vw, 315px\" \/>\u00a0 \u00a0 \u00a0 \u00a0 \u00a0 \u00a0 \u00a0 \u00a0 \u00a0 \u00a0 \u00a0 \u00a0 \u00a0 \u00a0 <img loading=\"lazy\" decoding=\"async\" class=\"alignnone wp-image-2057\" src=\"https:\/\/semaworld.com\/wp-content\/uploads\/2025\/12\/Image5-2-e1766055309590.png\" alt=\"\" width=\"237\" height=\"237\" srcset=\"https:\/\/semaworld.com\/wp-content\/uploads\/2025\/12\/Image5-2-e1766055309590.png 637w, https:\/\/semaworld.com\/wp-content\/uploads\/2025\/12\/Image5-2-e1766055309590-300x300.png 300w, https:\/\/semaworld.com\/wp-content\/uploads\/2025\/12\/Image5-2-e1766055309590-150x150.png 150w, https:\/\/semaworld.com\/wp-content\/uploads\/2025\/12\/Image5-2-e1766055309590-100x100.png 100w\" sizes=\"(max-width: 237px) 100vw, 237px\" \/><\/p>\n<p data-start=\"0\" data-end=\"404\"><span style=\"color: #808080\">La EOD Bag es un equipo espec\u00edfico desarrollado y patentado por SEMA, destinado a las unidades de desactivaci\u00f3n de explosivos encargadas de evacuar artefactos explosivos y objetos sospechosos. <\/span><\/p>\n<p data-start=\"0\" data-end=\"404\"><span style=\"color: #808080\">Utilizada por equipos especializados, fuerzas policiales, militares y civiles, la EOD Bag permite contener los efectos de una explosi\u00f3n con fragmentaci\u00f3n, protegiendo al personal que la transporta.<\/span><\/p>\n<p data-start=\"406\" data-end=\"528\"><span style=\"color: #808080\">Dise\u00f1ada a partir de compuestos multicapa de fibras que garantizan una alta resistencia mec\u00e1nica, la EOD Bag ofrece:<\/span><\/p>\n<ul>\n<li data-start=\"532\" data-end=\"577\"><span style=\"color: #808080\">capacidad de absorci\u00f3n de la onda de choque<\/span><\/li>\n<li data-start=\"580\" data-end=\"606\"><span style=\"color: #808080\">contenci\u00f3n de fragmentos<\/span><\/li>\n<li data-start=\"609\" data-end=\"673\"><span style=\"color: #808080\">protecci\u00f3n reforzada de los operadores y del entorno inmediato<\/span><\/li>\n<li data-start=\"676\" data-end=\"757\"><span style=\"color: #808080\">posibilidad de inspecci\u00f3n mediante rayos X del objeto sospechoso en su interior<\/span><\/li>\n<li data-start=\"760\" data-end=\"803\"><span style=\"color: #808080\">un dise\u00f1o adaptado para su uso con robots<\/span><\/li>\n<li data-start=\"806\" data-end=\"849\"><span style=\"color: #808080\">protecci\u00f3n de las manos de los operadores<\/span><\/li>\n<\/ul>\n<p data-start=\"851\" data-end=\"1167\" data-is-last-node=\"\" data-is-only-node=\"\"><span style=\"color: #808080\">Su dise\u00f1o ergon\u00f3mico facilita una r\u00e1pida puesta en marcha y un uso sencillo durante las intervenciones, incluso en condiciones operativas exigentes. La <strong data-start=\"1003\" data-end=\"1014\">EOD Bag<\/strong> se integra perfectamente en los protocolos de seguridad EOD, las operaciones antiterroristas y las misiones de protecci\u00f3n de infraestructuras sensibles.<\/span><\/p>\n<p><\/p>","protected":false},"excerpt":{"rendered":"<div class=\"flex max-w-full flex-col grow\">\n<div class=\"min-h-8 text-message relative flex w-full flex-col items-end gap-2 text-start break-words whitespace-normal [.text-message+&amp;]:mt-1\" dir=\"auto\" data-message-author-role=\"assistant\" data-message-id=\"0ecc9348-6348-48e4-a2f1-c3a602d897d5\" data-message-model-slug=\"gpt-5-mini\">\n<div class=\"flex w-full flex-col gap-1 empty:hidden first:pt-[1px]\">\n<div class=\"markdown prose dark:prose-invert w-full break-words light markdown-new-styling\">\n<p>Dispositivo de transporte destinado a los servicios de desminado, dise\u00f1ado para garantizar la seguridad del personal interviniente durante la evacuaci\u00f3n de artefactos explosivos improvisados (IEDs), municiones y otros objetos sospechosos&#8230;<\/p>\n<\/div>\n<\/div>\n<\/div>\n<\/div>\n<div class=\"z-0 flex min-h-[46px] justify-start\"><\/div>\n<div class=\"mt-3 w-full empty:hidden\">\n<div class=\"text-center\">\n<div>\n<div class=\"inline-flex border border-gray-100 dark:border-gray-700 rounded-xl\">\n<div class=\"text-token-text-secondary flex items-center justify-center gap-4 px-4 py-2.5 text-sm whitespace-nowrap\"><\/div>\n<\/div>\n<\/div>\n<\/div>\n<\/div>\n","protected":false},"featured_media":2059,"template":"","meta":[],"product_cat":[17],"product_tag":[],"_links":{"self":[{"href":"https:\/\/semaworld.com\/es\/wp-json\/wp\/v2\/product\/1988"}],"collection":[{"href":"https:\/\/semaworld.com\/es\/wp-json\/wp\/v2\/product"}],"about":[{"href":"https:\/\/semaworld.com\/es\/wp-json\/wp\/v2\/types\/product"}],"wp:featuredmedia":[{"embeddable":true,"href":"https:\/\/semaworld.com\/es\/wp-json\/wp\/v2\/media\/2059"}],"wp:attachment":[{"href":"https:\/\/semaworld.com\/es\/wp-json\/wp\/v2\/media?parent=1988"}],"wp:term":[{"taxonomy":"product_cat","embeddable":true,"href":"https:\/\/semaworld.com\/es\/wp-json\/wp\/v2\/product_cat?post=1988"},{"taxonomy":"product_tag","embeddable":true,"href":"https:\/\/semaworld.com\/es\/wp-json\/wp\/v2\/product_tag?post=1988"}],"curies":[{"name":"wp","href":"https:\/\/api.w.org\/{rel}","templated":true}]}}