{"id":84,"date":"2021-09-17T14:32:25","date_gmt":"2021-09-17T12:32:25","guid":{"rendered":"http:\/\/www.semaworld.test\/?page_id=84"},"modified":"2024-09-06T10:33:34","modified_gmt":"2024-09-06T08:33:34","slug":"references","status":"publish","type":"page","link":"https:\/\/semaworld.com\/es\/references\/","title":{"rendered":"R\u00e9f\u00e9rences"},"content":{"rendered":"<div data-colibri-id=\"84-c1\" class=\"style-392 style-local-84-c1 position-relative\">\n  \n  <div data-colibri-component=\"section\" data-colibri-id=\"84-c2\" id=\"custom\" class=\"h-section h-section-global-spacing d-flex align-items-lg-center align-items-md-center align-items-center style-393 style-local-84-c2 position-relative\">\n    \n    \n    <div class=\"h-section-grid-container h-section-boxed-container\">\n      \n      <div data-colibri-id=\"84-c3\" class=\"h-row-container gutters-row-lg-2 gutters-row-md-2 gutters-row-0 gutters-row-v-lg-2 gutters-row-v-md-2 gutters-row-v-2 style-394 style-local-84-c3 position-relative\">\n        \n        <div class=\"h-row justify-content-lg-center justify-content-md-center justify-content-center align-items-lg-stretch align-items-md-stretch align-items-stretch gutters-col-lg-2 gutters-col-md-2 gutters-col-0 gutters-col-v-lg-2 gutters-col-v-md-2 gutters-col-v-2\">\n          \n          <div class=\"h-column h-column-container d-flex h-col-lg-auto h-col-md-auto h-col-auto style-395-outer style-local-84-c4-outer\">\n            <div data-colibri-id=\"84-c4\" class=\"d-flex h-flex-basis h-column__inner h-px-lg-2 h-px-md-2 h-px-2 v-inner-lg-2 v-inner-md-2 v-inner-2 style-395 style-local-84-c4 position-relative\">\n              \n              \n              <div class=\"w-100 h-y-container h-column__content h-column__v-align flex-basis-100 align-self-lg-start align-self-md-start align-self-start\">\n                \n                <div data-colibri-id=\"84-c5\" class=\"h-text h-text-component style-508 style-local-84-c5 position-relative h-element\">\n                  \n                  \n                  <div class=\"\">\n                    <p><span style=\"color: black;font-size: 18pt\"> AEROPUERTO \u2013 ESTACI\u00d3N DE TREN \u2013 PUERTO \u2013 PARQUE DE ATRACCIONES \u2013 CENTRO COMERCIAL \u2013 ESTADIO \u2013ESPACIO DE FORO <\/span><\/p>\n                    <p><span style=\"color: black;font-size: 18pt\">INTERNACIONAL TEATRO &#8211; PRESIDENCIA &#8211; EMBAJADA &#8211; PARLAMENTO &#8211; ORGANIZACI\u00d3N INTERNACIONAL &#8211; LUGAR DE CULTO &#8211; MEDIOS <\/span><\/p>\n                    <p><span style=\"color: black;font-size: 18pt\">FUERZAS ESPECIALES &#8211; POLIC\u00cdA &#8211; EJ\u00c9RCITO \u2013 TECNICOS DE MINAS &nbsp;&nbsp;<\/span><\/p>\n                  <\/div>\n                <\/div>\n              <\/div>\n            <\/div>\n          <\/div>\n        <\/div>\n      <\/div>\n      <div data-colibri-id=\"84-c6\" class=\"h-row-container gutters-row-lg-2 gutters-row-md-2 gutters-row-0 gutters-row-v-lg-2 gutters-row-v-md-2 gutters-row-v-2 style-397 style-local-84-c6 position-relative\">\n        \n        <div class=\"h-row justify-content-lg-center justify-content-md-center justify-content-center align-items-lg-stretch align-items-md-stretch align-items-stretch gutters-col-lg-2 gutters-col-md-2 gutters-col-0 gutters-col-v-lg-2 gutters-col-v-md-2 gutters-col-v-2\">\n          \n          <div class=\"h-column h-column-container d-flex h-col-lg-auto h-col-md-auto h-col-auto style-398-outer style-local-84-c7-outer\">\n            <div data-colibri-id=\"84-c7\" class=\"d-flex h-flex-basis h-column__inner h-px-lg-2 h-px-md-2 h-px-2 v-inner-lg-2 v-inner-md-2 v-inner-2 style-398 style-local-84-c7 position-relative\">\n              \n              \n              <div class=\"w-100 h-y-container h-column__content h-column__v-align flex-basis-100 align-self-lg-start align-self-md-start align-self-start\">\n                \n                <div data-colibri-id=\"84-c8\" class=\"d-block style-399 style-local-84-c8 position-relative h-element\">\n                  \n                  <div class=\"h-image__frame-container-outer\">\n                    <div class=\"h-image__frame-container\">\n                      \n                      \n                      <img loading=\"lazy\" decoding=\"async\" width=\"640\" height=\"344\" src=\"https:\/\/semaworld.com\/wp-content\/uploads\/2021\/09\/cropped-cropped-reference-outline-3.png\" class=\"wp-image-1625 style-399-image style-local-84-c8-image\" alt=\"\" srcset=\"https:\/\/semaworld.com\/wp-content\/uploads\/2021\/09\/cropped-cropped-reference-outline-3.png 640w, https:\/\/semaworld.com\/wp-content\/uploads\/2021\/09\/cropped-cropped-reference-outline-3-300x161.png 300w\" sizes=\"(max-width: 640px) 100vw, 640px\" \/>\n                      <div class=\"h-image__frame h-hide-lg h-hide-md h-hide-sm style-399-frameImage style-local-84-c8-frameImage\"><\/div>\n                    <\/div>\n                  <\/div>\n                <\/div>\n              <\/div>\n            <\/div>\n          <\/div>\n        <\/div>\n      <\/div>\n    <\/div>\n  <\/div>\n  <div data-colibri-component=\"section\" data-colibri-id=\"84-c9\" id=\"custom-2\" class=\"h-section h-section-global-spacing d-flex align-items-lg-center align-items-md-center align-items-center style-400 style-local-84-c9 position-relative\">\n    \n    \n    <div class=\"h-section-grid-container h-section-boxed-container\">\n      \n      <div data-colibri-id=\"84-c10\" class=\"h-row-container gutters-row-lg-1 gutters-row-md-1 gutters-row-0 gutters-row-v-lg-1 gutters-row-v-md-1 gutters-row-v-1 style-401 style-local-84-c10 position-relative\">\n        \n        <div class=\"h-row justify-content-lg-center justify-content-md-center justify-content-center align-items-lg-stretch align-items-md-stretch align-items-stretch gutters-col-lg-1 gutters-col-md-1 gutters-col-0 gutters-col-v-lg-1 gutters-col-v-md-1 gutters-col-v-1\">\n          \n          <div class=\"h-column h-column-container d-flex h-col-lg-auto h-col-md-auto h-col-auto style-402-outer style-local-84-c11-outer\">\n            <div data-colibri-id=\"84-c11\" class=\"d-flex h-flex-basis h-column__inner h-px-lg-0 h-px-md-0 h-px-0 v-inner-lg-0 v-inner-md-0 v-inner-0 style-402 style-local-84-c11 position-relative\">\n              \n              \n              <div class=\"w-100 h-y-container h-column__content h-column__v-align flex-basis-100 align-self-lg-start align-self-md-start align-self-start\">\n                \n                <div data-colibri-id=\"84-c12\" class=\"h-global-transition-all h-heading style-407 style-local-84-c12 position-relative h-element\">\n                  \n                  <div class=\"h-heading__outer style-407 style-local-84-c12\">\n                    \n                    \n                    <h4 class=\"\">EUROPE<\/h4>\n                  <\/div>\n                <\/div>\n                <div data-colibri-id=\"84-c13\" class=\"h-row-container gutters-row-lg-0 gutters-row-md-0 gutters-row-0 gutters-row-v-lg-0 gutters-row-v-md-0 gutters-row-v-0 style-422 style-local-84-c13 position-relative\">\n                  \n                  <div class=\"h-row justify-content-lg-center justify-content-md-center justify-content-center align-items-lg-stretch align-items-md-stretch align-items-stretch gutters-col-lg-0 gutters-col-md-0 gutters-col-0 gutters-col-v-lg-0 gutters-col-v-md-0 gutters-col-v-0\">\n                    \n                    <div class=\"h-column h-column-container d-flex h-col-lg-auto h-col-md-auto h-col-auto style-423-outer style-local-84-c14-outer\">\n                      <div data-colibri-id=\"84-c14\" class=\"d-flex h-flex-basis h-column__inner h-px-lg-1 h-px-md-1 h-px-1 v-inner-lg-1 v-inner-md-1 v-inner-1 style-423 style-local-84-c14 position-relative\">\n                        \n                        \n                        <div class=\"w-100 h-y-container h-column__content h-column__v-align flex-basis-100 align-self-lg-start align-self-md-start align-self-start\">\n                          \n                          <div data-colibri-id=\"84-c15\" class=\"h-text h-text-component style-425 style-local-84-c15 position-relative h-element\">\n                            \n                            \n                            <div class=\"\">\n                              <p>France<\/p>\n                              <p>Belgium<\/p>\n                              <p>Germany<\/p>\n                              <p>Swiss<\/p>\n                              <p>Italia<\/p>\n                              <p>Spain<\/p>\n                              <p>Portugal<\/p>\n                              <p>Ireland<\/p>\n                              <p>The Netherlands<\/p>\n                              <p>Denmark<\/p>\n                              <p>Finland<\/p>\n                            <\/div>\n                          <\/div>\n                        <\/div>\n                      <\/div>\n                    <\/div>\n                    <div class=\"h-column h-column-container d-flex h-col-lg-auto h-col-md-auto h-col-auto style-424-outer style-local-84-c16-outer\">\n                      <div data-colibri-id=\"84-c16\" class=\"d-flex h-flex-basis h-column__inner h-px-lg-1 h-px-md-1 h-px-1 v-inner-lg-1 v-inner-md-1 v-inner-1 style-424 style-local-84-c16 position-relative\">\n                        \n                        \n                        <div class=\"w-100 h-y-container h-column__content h-column__v-align flex-basis-100 align-self-lg-start align-self-md-start align-self-start\">\n                          \n                          <div data-colibri-id=\"84-c17\" class=\"h-text h-text-component style-427 style-local-84-c17 position-relative h-element\">\n                            \n                            \n                            <div class=\"\">\n                              <p>Lithuania<\/p>\n                              <p>Hungary<\/p>\n                              <p>Slovakia<\/p>\n                              <p>Slovenia<\/p>\n                              <p>Croatia<\/p>\n                              <p>Austria<\/p>\n                              <p>Romania<\/p>\n                              <p>Bulgaria<\/p>\n                              <p>Kosovo<\/p>\n                              <p>Bosnia<\/p>\n                            <\/div>\n                          <\/div>\n                        <\/div>\n                      <\/div>\n                    <\/div>\n                  <\/div>\n                <\/div>\n              <\/div>\n            <\/div>\n          <\/div>\n          <div class=\"h-column h-column-container d-flex h-col-lg-auto h-col-md-auto h-col-auto style-403-outer style-local-84-c18-outer\">\n            <div data-colibri-id=\"84-c18\" class=\"d-flex h-flex-basis h-column__inner h-px-lg-0 h-px-md-0 h-px-0 v-inner-lg-0 v-inner-md-0 v-inner-0 style-403 style-local-84-c18 position-relative\">\n              \n              \n              <div class=\"w-100 h-y-container h-column__content h-column__v-align flex-basis-100 align-self-lg-start align-self-md-start align-self-start\">\n                \n                <div data-colibri-id=\"84-c19\" class=\"h-global-transition-all h-heading style-408 style-local-84-c19 position-relative h-element\">\n                  \n                  <div class=\"h-heading__outer style-408 style-local-84-c19\">\n                    \n                    \n                    <h4 class=\"\">ASIA<\/h4>\n                  <\/div>\n                <\/div>\n                <div data-colibri-id=\"84-c20\" class=\"h-row-container gutters-row-lg-0 gutters-row-md-0 gutters-row-0 gutters-row-v-lg-0 gutters-row-v-md-0 gutters-row-v-0 style-428 style-local-84-c20 position-relative\">\n                  \n                  <div class=\"h-row justify-content-lg-center justify-content-md-center justify-content-center align-items-lg-stretch align-items-md-stretch align-items-stretch gutters-col-lg-0 gutters-col-md-0 gutters-col-0 gutters-col-v-lg-0 gutters-col-v-md-0 gutters-col-v-0\">\n                    \n                    <div class=\"h-column h-column-container d-flex h-col-lg-auto h-col-md-auto h-col-auto style-429-outer style-local-84-c21-outer\">\n                      <div data-colibri-id=\"84-c21\" class=\"d-flex h-flex-basis h-column__inner h-px-lg-2 h-px-md-2 h-px-2 v-inner-lg-2 v-inner-md-2 v-inner-2 style-429 style-local-84-c21 position-relative\">\n                        \n                        \n                        <div class=\"w-100 h-y-container h-column__content h-column__v-align flex-basis-100 align-self-lg-start align-self-md-start align-self-start\">\n                          \n                          <div data-colibri-id=\"84-c22\" class=\"h-text h-text-component style-431 style-local-84-c22 position-relative h-element\">\n                            \n                            \n                            <div class=\"\">\n                              <p>Turkey<\/p>\n                              <p>Jordan<\/p>\n                              <p>Kuwait<\/p>\n                              <p>Bahrain<\/p>\n                              <p>Qatar<\/p>\n                              <p>Saudi Arabia<\/p>\n                              <p>India<\/p>\n                              <p>Bangladesh<\/p>\n                              <p>Indonesia<\/p>\n                              <p>Singapore<\/p>\n                              <p>Korea<\/p>\n                              <p>Japon<\/p>\n                            <\/div>\n                          <\/div>\n                        <\/div>\n                      <\/div>\n                    <\/div>\n                  <\/div>\n                <\/div>\n              <\/div>\n            <\/div>\n          <\/div>\n          <div class=\"h-column h-column-container d-flex h-col-lg-auto h-col-md-auto h-col-auto style-404-outer style-local-84-c23-outer\">\n            <div data-colibri-id=\"84-c23\" class=\"d-flex h-flex-basis h-column__inner h-px-lg-0 h-px-md-0 h-px-0 v-inner-lg-0 v-inner-md-0 v-inner-0 style-404 style-local-84-c23 position-relative\">\n              \n              \n              <div class=\"w-100 h-y-container h-column__content h-column__v-align flex-basis-100 align-self-lg-start align-self-md-start align-self-start\">\n                \n                <div data-colibri-id=\"84-c24\" class=\"h-global-transition-all h-heading style-409 style-local-84-c24 position-relative h-element\">\n                  \n                  <div class=\"h-heading__outer style-409 style-local-84-c24\">\n                    \n                    \n                    <h4 class=\"\">NORTH &amp; SOUTH AMERICA<\/h4>\n                  <\/div>\n                <\/div>\n                <div data-colibri-id=\"84-c25\" class=\"h-row-container gutters-row-lg-0 gutters-row-md-0 gutters-row-0 gutters-row-v-lg-0 gutters-row-v-md-0 gutters-row-v-0 style-433 style-local-84-c25 position-relative\">\n                  \n                  <div class=\"h-row justify-content-lg-center justify-content-md-center justify-content-center align-items-lg-stretch align-items-md-stretch align-items-stretch gutters-col-lg-0 gutters-col-md-0 gutters-col-0 gutters-col-v-lg-0 gutters-col-v-md-0 gutters-col-v-0\">\n                    \n                    <div class=\"h-column h-column-container d-flex h-col-lg-auto h-col-md-auto h-col-auto style-434-outer style-local-84-c26-outer\">\n                      <div data-colibri-id=\"84-c26\" class=\"d-flex h-flex-basis h-column__inner h-px-lg-1 h-px-md-1 h-px-1 v-inner-lg-1 v-inner-md-1 v-inner-1 style-434 style-local-84-c26 position-relative\">\n                        \n                        \n                        <div class=\"w-100 h-y-container h-column__content h-column__v-align flex-basis-100 align-self-lg-start align-self-md-start align-self-start\">\n                          \n                          <div data-colibri-id=\"84-c27\" class=\"h-text h-text-component style-436 style-local-84-c27 position-relative h-element\">\n                            \n                            \n                            <div class=\"\">\n                              <p>Canada<\/p>\n                              <p>USA<\/p>\n                              <p>Mexico<\/p>\n                              <p>Colombia<\/p>\n                              <p>Ecuador<\/p>\n                              <p>Peru<\/p>\n                              <p>Chili<\/p>\n                              <p>Argentina<\/p>\n                            <\/div>\n                          <\/div>\n                        <\/div>\n                      <\/div>\n                    <\/div>\n                  <\/div>\n                <\/div>\n              <\/div>\n            <\/div>\n          <\/div>\n          <div class=\"h-column h-column-container d-flex h-col-lg-auto h-col-md-auto h-col-auto style-405-outer style-local-84-c28-outer\">\n            <div data-colibri-id=\"84-c28\" class=\"d-flex h-flex-basis h-column__inner h-px-lg-0 h-px-md-0 h-px-0 v-inner-lg-0 v-inner-md-0 v-inner-0 style-405 style-local-84-c28 position-relative\">\n              \n              \n              <div class=\"w-100 h-y-container h-column__content h-column__v-align flex-basis-100 align-self-lg-start align-self-md-start align-self-start\">\n                \n                <div data-colibri-id=\"84-c29\" class=\"h-global-transition-all h-heading style-410 style-local-84-c29 position-relative h-element\">\n                  \n                  <div class=\"h-heading__outer style-410 style-local-84-c29\">\n                    \n                    \n                    <h4 class=\"\">AFRICA<\/h4>\n                  <\/div>\n                <\/div>\n                <div data-colibri-id=\"84-c30\" class=\"h-row-container gutters-row-lg-0 gutters-row-md-0 gutters-row-0 gutters-row-v-lg-0 gutters-row-v-md-0 gutters-row-v-0 style-439 style-local-84-c30 position-relative\">\n                  \n                  <div class=\"h-row justify-content-lg-center justify-content-md-center justify-content-center align-items-lg-stretch align-items-md-stretch align-items-stretch gutters-col-lg-0 gutters-col-md-0 gutters-col-0 gutters-col-v-lg-0 gutters-col-v-md-0 gutters-col-v-0\">\n                    \n                    <div class=\"h-column h-column-container d-flex h-col-lg-auto h-col-md-auto h-col-auto style-440-outer style-local-84-c31-outer\">\n                      <div data-colibri-id=\"84-c31\" class=\"d-flex h-flex-basis h-column__inner h-px-lg-1 h-px-md-1 h-px-1 v-inner-lg-1 v-inner-md-1 v-inner-1 style-440 style-local-84-c31 position-relative\">\n                        \n                        \n                        <div class=\"w-100 h-y-container h-column__content h-column__v-align flex-basis-100 align-self-lg-start align-self-md-start align-self-start\">\n                          \n                          <div data-colibri-id=\"84-c32\" class=\"h-text h-text-component style-442 style-local-84-c32 position-relative h-element\">\n                            \n                            \n                            <div class=\"\">\n                              <p>Morocco<\/p>\n                              <p>Tunisia<\/p>\n                              <p>Libya<\/p>\n                              <p>Egypt<\/p>\n                              <p>Senegal<\/p>\n                              <p>Ivory Coast<\/p>\n                              <p><span style=\"font-size: 11pt;font-family: Calibri, sans-serif\"> <\/span><\/p>\n                              <p>Cameron<\/p>\n                            <\/div>\n                          <\/div>\n                        <\/div>\n                      <\/div>\n                    <\/div>\n                  <\/div>\n                <\/div>\n              <\/div>\n            <\/div>\n          <\/div>\n          <div class=\"h-column h-column-container d-flex h-col-lg-auto h-col-md-auto h-col-auto style-406-outer style-local-84-c33-outer\">\n            <div data-colibri-id=\"84-c33\" class=\"d-flex h-flex-basis h-column__inner h-px-lg-0 h-px-md-0 h-px-0 v-inner-lg-0 v-inner-md-0 v-inner-0 style-406 style-local-84-c33 position-relative\">\n              \n              \n              <div class=\"w-100 h-y-container h-column__content h-column__v-align flex-basis-100 align-self-lg-start align-self-md-start align-self-start\">\n                \n                <div data-colibri-id=\"84-c34\" class=\"h-global-transition-all h-heading style-411 style-local-84-c34 position-relative h-element\">\n                  \n                  <div class=\"h-heading__outer style-411 style-local-84-c34\">\n                    \n                    \n                    <h4 class=\"\">OCEANIA<\/h4>\n                  <\/div>\n                <\/div>\n                <div data-colibri-id=\"84-c35\" class=\"h-row-container gutters-row-lg-0 gutters-row-md-0 gutters-row-0 gutters-row-v-lg-0 gutters-row-v-md-0 gutters-row-v-0 style-443 style-local-84-c35 position-relative\">\n                  \n                  <div class=\"h-row justify-content-lg-center justify-content-md-center justify-content-center align-items-lg-stretch align-items-md-stretch align-items-stretch gutters-col-lg-0 gutters-col-md-0 gutters-col-0 gutters-col-v-lg-0 gutters-col-v-md-0 gutters-col-v-0\">\n                    \n                    <div class=\"h-column h-column-container d-flex h-col-lg-auto h-col-md-auto h-col-auto style-444-outer style-local-84-c36-outer\">\n                      <div data-colibri-id=\"84-c36\" class=\"d-flex h-flex-basis h-column__inner h-px-lg-1 h-px-md-1 h-px-1 v-inner-lg-1 v-inner-md-1 v-inner-1 style-444 style-local-84-c36 position-relative\">\n                        \n                        \n                        <div class=\"w-100 h-y-container h-column__content h-column__v-align flex-basis-100 align-self-lg-start align-self-md-start align-self-start\">\n                          \n                          <div data-colibri-id=\"84-c37\" class=\"h-text h-text-component style-446 style-local-84-c37 position-relative h-element\">\n                            \n                            \n                            <div class=\"\">\n                              <p>Australia<\/p>\n                              <p>New Zealand<\/p>\n                            <\/div>\n                          <\/div>\n                        <\/div>\n                      <\/div>\n                    <\/div>\n                  <\/div>\n                <\/div>\n              <\/div>\n            <\/div>\n          <\/div>\n        <\/div>\n      <\/div>\n    <\/div>\n  <\/div>\n<\/div>","protected":false},"excerpt":{"rendered":"<p>AEROPUERTO \u2013 ESTACI\u00d3N DE TREN \u2013 PUERTO \u2013 PARQUE DE ATRACCIONES \u2013 CENTRO COMERCIAL \u2013 ESTADIO \u2013ESPACIO DE FORO INTERNACIONAL TEATRO &#8211; PRESIDENCIA &#8211; EMBAJADA &#8211; PARLAMENTO &#8211; ORGANIZACI\u00d3N INTERNACIONAL &#8211; LUGAR DE CULTO &#8211; MEDIOS FUERZAS ESPECIALES &#8211; POLIC\u00cdA &#8211; EJ\u00c9RCITO \u2013 TECNICOS DE MINAS &nbsp;&nbsp; EUROPE France Belgium Germany Swiss Italia Spain Portugal [&hellip;]<\/p>\n","protected":false},"author":3,"featured_media":0,"parent":0,"menu_order":0,"comment_status":"closed","ping_status":"closed","template":"page-templates\/full-width-page.php","meta":{"footnotes":""},"_links":{"self":[{"href":"https:\/\/semaworld.com\/es\/wp-json\/wp\/v2\/pages\/84"}],"collection":[{"href":"https:\/\/semaworld.com\/es\/wp-json\/wp\/v2\/pages"}],"about":[{"href":"https:\/\/semaworld.com\/es\/wp-json\/wp\/v2\/types\/page"}],"author":[{"embeddable":true,"href":"https:\/\/semaworld.com\/es\/wp-json\/wp\/v2\/users\/3"}],"replies":[{"embeddable":true,"href":"https:\/\/semaworld.com\/es\/wp-json\/wp\/v2\/comments?post=84"}],"version-history":[{"count":20,"href":"https:\/\/semaworld.com\/es\/wp-json\/wp\/v2\/pages\/84\/revisions"}],"predecessor-version":[{"id":1927,"href":"https:\/\/semaworld.com\/es\/wp-json\/wp\/v2\/pages\/84\/revisions\/1927"}],"wp:attachment":[{"href":"https:\/\/semaworld.com\/es\/wp-json\/wp\/v2\/media?parent=84"}],"curies":[{"name":"wp","href":"https:\/\/api.w.org\/{rel}","templated":true}]}}