{"id":356,"date":"2021-09-20T14:14:15","date_gmt":"2021-09-20T12:14:15","guid":{"rendered":"http:\/\/www.semaworld.test\/?page_id=356"},"modified":"2025-12-16T16:38:33","modified_gmt":"2025-12-16T15:38:33","slug":"anti-bomb","status":"publish","type":"page","link":"https:\/\/semaworld.com\/es\/anti-bomb\/","title":{"rendered":"Anti Bomb"},"content":{"rendered":"<div class=\"woocommerce columns-3 \"><ul class=\"products columns-3\">\n\n<li class=\"product type-product post-302 status-publish first instock product_cat-anti-bomb has-post-thumbnail shipping-taxable product-type-simple\">\n\t<a href=\"https:\/\/semaworld.com\/es\/produit\/ground-bomb-killer\/\"><h2 class=\"woocommerce-loop-product__title\">Ground Bomb Killer<\/h2><img loading=\"lazy\" decoding=\"async\" width=\"150\" height=\"150\" src=\"https:\/\/semaworld.com\/wp-content\/uploads\/2021\/09\/Ground-Bomb-Killer-GBK-150x150.jpg\" class=\"attachment-woocommerce_thumbnail size-woocommerce_thumbnail\" alt=\"\" srcset=\"https:\/\/semaworld.com\/wp-content\/uploads\/2021\/09\/Ground-Bomb-Killer-GBK-150x150.jpg 150w, https:\/\/semaworld.com\/wp-content\/uploads\/2021\/09\/Ground-Bomb-Killer-GBK-300x300.jpg 300w, https:\/\/semaworld.com\/wp-content\/uploads\/2021\/09\/Ground-Bomb-Killer-GBK-100x100.jpg 100w, https:\/\/semaworld.com\/wp-content\/uploads\/2021\/09\/Ground-Bomb-Killer-GBK.jpg 500w\" sizes=\"(max-width: 150px) 100vw, 150px\" \/><div class=\"woocommerce-product-details__short-description\">\n\t<p>Primera protecci\u00f3n de personas contra artefactos explosivos improvisados en todos los lugares. Canalizaci\u00f3n vertical de la onda explosiva, parar la fragmentaci\u00f3n horizontal. Uso r\u00e1pido. Rayos X a trav\u00e9s. Disruptor por la parte superior.<\/p>\n<p>NNO<\/p><\/div>\n\n<\/a><a href=\"https:\/\/semaworld.com\/es\/produit\/ground-bomb-killer\/\" data-quantity=\"1\" class=\"button product_type_simple\" data-product_id=\"302\" data-product_sku=\"\" aria-label=\"Read more about &ldquo;Ground Bomb Killer&rdquo;\" aria-describedby=\"\" rel=\"nofollow\">Read more<\/a><\/li>\n\n<li class=\"product type-product post-712 status-publish instock product_cat-anti-bomb has-post-thumbnail shipping-taxable product-type-simple\">\n\t<a href=\"https:\/\/semaworld.com\/es\/produit\/explosive-transport-equipment\/\"><h2 class=\"woocommerce-loop-product__title\">Explosive Transport Equipment<\/h2><img loading=\"lazy\" decoding=\"async\" width=\"150\" height=\"150\" src=\"https:\/\/semaworld.com\/wp-content\/uploads\/2021\/09\/2-Explosive-Transport-Equipment-ETE-1-150x150.jpg\" class=\"attachment-woocommerce_thumbnail size-woocommerce_thumbnail\" alt=\"\" srcset=\"https:\/\/semaworld.com\/wp-content\/uploads\/2021\/09\/2-Explosive-Transport-Equipment-ETE-1-150x150.jpg 150w, https:\/\/semaworld.com\/wp-content\/uploads\/2021\/09\/2-Explosive-Transport-Equipment-ETE-1-100x100.jpg 100w\" sizes=\"(max-width: 150px) 100vw, 150px\" \/><div class=\"woocommerce-product-details__short-description\">\n\t<p>Soluci\u00f3n para el almacenamiento, transporte operativo de granadas, explosivos y detonadores por tierra, aire o mar. Podemos modificar las dimensiones en largo de los casilleros.<\/p>\n<p>NNO<\/p><\/div>\n\n<\/a><a href=\"https:\/\/semaworld.com\/es\/produit\/explosive-transport-equipment\/\" data-quantity=\"1\" class=\"button product_type_simple\" data-product_id=\"712\" data-product_sku=\"\" aria-label=\"Read more about &ldquo;Explosive Transport Equipment&rdquo;\" aria-describedby=\"\" rel=\"nofollow\">Read more<\/a><\/li>\n\n<li class=\"product type-product post-1988 status-publish last instock product_cat-anti-bomb has-post-thumbnail shipping-taxable product-type-simple\">\n\t<a href=\"https:\/\/semaworld.com\/es\/produit\/eod-bag\/\"><h2 class=\"woocommerce-loop-product__title\">EOD Bag<\/h2><img loading=\"lazy\" decoding=\"async\" width=\"150\" height=\"150\" src=\"https:\/\/semaworld.com\/wp-content\/uploads\/2025\/12\/Image1-1-1-scaled-e1766134154860-276x300-1-150x150.jpg\" class=\"attachment-woocommerce_thumbnail size-woocommerce_thumbnail\" alt=\"eod bag\" srcset=\"https:\/\/semaworld.com\/wp-content\/uploads\/2025\/12\/Image1-1-1-scaled-e1766134154860-276x300-1-150x150.jpg 150w, https:\/\/semaworld.com\/wp-content\/uploads\/2025\/12\/Image1-1-1-scaled-e1766134154860-276x300-1-100x100.jpg 100w, https:\/\/semaworld.com\/wp-content\/uploads\/2025\/12\/Image1-1-1-scaled-e1766134154860-276x300-1.jpg 300w\" sizes=\"(max-width: 150px) 100vw, 150px\" \/><div class=\"woocommerce-product-details__short-description\">\n\t<p><\/p>\n<div class=\"flex max-w-full flex-col grow\">\n<div class=\"min-h-8 text-message relative flex w-full flex-col items-end gap-2 text-start break-words whitespace-normal [.text-message+&amp;]:mt-1\" dir=\"auto\" data-message-author-role=\"assistant\" data-message-id=\"0ecc9348-6348-48e4-a2f1-c3a602d897d5\" data-message-model-slug=\"gpt-5-mini\">\n<div class=\"flex w-full flex-col gap-1 empty:hidden first:pt-[1px]\">\n<div class=\"markdown prose dark:prose-invert w-full break-words light markdown-new-styling\">\n<p>Dispositivo de transporte destinado a los servicios de desminado, dise\u00f1ado para garantizar la seguridad del personal interviniente durante la evacuaci\u00f3n de artefactos explosivos improvisados (IEDs), municiones y otros objetos sospechosos&#8230;<\/p>\n<\/div>\n<\/div>\n<\/div>\n<\/div>\n<div class=\"z-0 flex min-h-[46px] justify-start\"><\/div>\n<div class=\"mt-3 w-full empty:hidden\">\n<div class=\"text-center\">\n<div>\n<div class=\"inline-flex border border-gray-100 dark:border-gray-700 rounded-xl\">\n<div class=\"text-token-text-secondary flex items-center justify-center gap-4 px-4 py-2.5 text-sm whitespace-nowrap\"><\/div>\n<\/div>\n<\/div>\n<\/div>\n<\/div>\n<p><\/p><\/div>\n\n<\/a><a href=\"https:\/\/semaworld.com\/es\/produit\/eod-bag\/\" data-quantity=\"1\" class=\"button product_type_simple\" data-product_id=\"1988\" data-product_sku=\"\" aria-label=\"Read more about &ldquo;EOD Bag&rdquo;\" aria-describedby=\"\" rel=\"nofollow\">Read more<\/a><\/li>\n\n<li class=\"product type-product post-726 status-publish first instock product_cat-anti-bomb has-post-thumbnail shipping-taxable product-type-simple\">\n\t<a href=\"https:\/\/semaworld.com\/es\/produit\/absolute-shield\/\"><h2 class=\"woocommerce-loop-product__title\">Absolute Shield<\/h2><img loading=\"lazy\" decoding=\"async\" width=\"150\" height=\"150\" src=\"https:\/\/semaworld.com\/wp-content\/uploads\/2021\/09\/AS-1-scaled-150x150.jpg\" class=\"attachment-woocommerce_thumbnail size-woocommerce_thumbnail\" alt=\"\" srcset=\"https:\/\/semaworld.com\/wp-content\/uploads\/2021\/09\/AS-1-scaled-150x150.jpg 150w, https:\/\/semaworld.com\/wp-content\/uploads\/2021\/09\/AS-1-scaled-100x100.jpg 100w\" sizes=\"(max-width: 150px) 100vw, 150px\" \/><div class=\"woocommerce-product-details__short-description\">\n\t<p>Protecci\u00f3n interior o exterior, contra \u00a0ataques con coche bomba, kamikaze, Artefactos explosivos, armas y fusiles de asalto. Dispositivo de rebote para parar las balas hasta un disparo tangencial a 10\u00b0, desviar la onda y parar la fragmentaci\u00f3n.<\/p><\/div>\n\n<\/a><a href=\"https:\/\/semaworld.com\/es\/produit\/absolute-shield\/\" data-quantity=\"1\" class=\"button product_type_simple\" data-product_id=\"726\" data-product_sku=\"\" aria-label=\"Read more about &ldquo;Absolute Shield&rdquo;\" aria-describedby=\"\" rel=\"nofollow\">Read more<\/a><\/li>\n\n<li class=\"product type-product post-589 status-publish instock product_cat-anti-bomb has-post-thumbnail shipping-taxable product-type-simple\">\n\t<a href=\"https:\/\/semaworld.com\/es\/produit\/na-wall\/\"><h2 class=\"woocommerce-loop-product__title\">Na Wall<\/h2><img loading=\"lazy\" decoding=\"async\" width=\"150\" height=\"150\" src=\"https:\/\/semaworld.com\/wp-content\/uploads\/2021\/09\/NAWALL6-1-150x150.jpg\" class=\"attachment-woocommerce_thumbnail size-woocommerce_thumbnail\" alt=\"\" srcset=\"https:\/\/semaworld.com\/wp-content\/uploads\/2021\/09\/NAWALL6-1-150x150.jpg 150w, https:\/\/semaworld.com\/wp-content\/uploads\/2021\/09\/NAWALL6-1-100x100.jpg 100w\" sizes=\"(max-width: 150px) 100vw, 150px\" \/><div class=\"woocommerce-product-details__short-description\">\n\t<p>Protecci\u00f3n contra ataques de RPG, coche bomba o terroristas suicidas. Un puesto de control m\u00f3vil, f\u00e1cil y r\u00e1pido de configurar. Absorci\u00f3n y deflexi\u00f3n de la explosi\u00f3n, parar la fragmentaci\u00f3n.<\/p><\/div>\n\n<\/a><a href=\"https:\/\/semaworld.com\/es\/produit\/na-wall\/\" data-quantity=\"1\" class=\"button product_type_simple\" data-product_id=\"589\" data-product_sku=\"\" aria-label=\"Read more about &ldquo;Na Wall&rdquo;\" aria-describedby=\"\" rel=\"nofollow\">Read more<\/a><\/li>\n\n<li class=\"product type-product post-714 status-publish last instock product_cat-anti-bomb has-post-thumbnail shipping-taxable product-type-simple\">\n\t<a href=\"https:\/\/semaworld.com\/es\/produit\/aircraft-bomb-killer\/\"><h2 class=\"woocommerce-loop-product__title\">Aircraft Bomb Killer<\/h2><img loading=\"lazy\" decoding=\"async\" width=\"150\" height=\"150\" src=\"https:\/\/semaworld.com\/wp-content\/uploads\/2021\/09\/abk1BIS-150x150.jpg\" class=\"attachment-woocommerce_thumbnail size-woocommerce_thumbnail\" alt=\"\" srcset=\"https:\/\/semaworld.com\/wp-content\/uploads\/2021\/09\/abk1BIS-150x150.jpg 150w, https:\/\/semaworld.com\/wp-content\/uploads\/2021\/09\/abk1BIS-100x100.jpg 100w\" sizes=\"(max-width: 150px) 100vw, 150px\" \/><div class=\"woocommerce-product-details__short-description\">\n\t<p>Equipo para contener la onda explosiva (absorci\u00f3n y confinamiento) de equipaje de mano que presenten un riesgo potencial de explosi\u00f3n durante un vuelo comercial, \u00a0deposito en la zona segura.<\/p><\/div>\n\n<\/a><a href=\"https:\/\/semaworld.com\/es\/produit\/aircraft-bomb-killer\/\" data-quantity=\"1\" class=\"button product_type_simple\" data-product_id=\"714\" data-product_sku=\"\" aria-label=\"Read more about &ldquo;Aircraft Bomb Killer&rdquo;\" aria-describedby=\"\" rel=\"nofollow\">Read more<\/a><\/li>\n\n<li class=\"product type-product post-715 status-publish first instock product_cat-anti-bomb has-post-thumbnail shipping-taxable product-type-simple\">\n\t<a href=\"https:\/\/semaworld.com\/es\/produit\/flight-bomb-killer\/\"><h2 class=\"woocommerce-loop-product__title\">Flight Bomb Killer<\/h2><img loading=\"lazy\" decoding=\"async\" width=\"150\" height=\"150\" src=\"https:\/\/semaworld.com\/wp-content\/uploads\/2021\/09\/FBK-Image-150x150.png\" class=\"attachment-woocommerce_thumbnail size-woocommerce_thumbnail\" alt=\"\" srcset=\"https:\/\/semaworld.com\/wp-content\/uploads\/2021\/09\/FBK-Image-150x150.png 150w, https:\/\/semaworld.com\/wp-content\/uploads\/2021\/09\/FBK-Image-100x100.png 100w\" sizes=\"(max-width: 150px) 100vw, 150px\" \/><div class=\"woocommerce-product-details__short-description\">\n\t<p>Equipo de seguridad para los pasajeros en caso de un paquete sospechoso en la cabina durante el vuelo. permite la transferencia de este paquete a la zona de seguridad definida a bordo.<\/p><\/div>\n\n<\/a><a href=\"https:\/\/semaworld.com\/es\/produit\/flight-bomb-killer\/\" data-quantity=\"1\" class=\"button product_type_simple\" data-product_id=\"715\" data-product_sku=\"\" aria-label=\"Read more about &ldquo;Flight Bomb Killer&rdquo;\" aria-describedby=\"\" rel=\"nofollow\">Read more<\/a><\/li>\n\n<li class=\"product type-product post-724 status-publish instock product_cat-anti-bomb has-post-thumbnail shipping-taxable product-type-simple\">\n\t<a href=\"https:\/\/semaworld.com\/es\/produit\/sky-marshall-bag\/\"><h2 class=\"woocommerce-loop-product__title\">Sky Marshall Bag<\/h2><img loading=\"lazy\" decoding=\"async\" width=\"150\" height=\"150\" src=\"https:\/\/semaworld.com\/wp-content\/uploads\/2021\/09\/skb-150x150.jpg\" class=\"attachment-woocommerce_thumbnail size-woocommerce_thumbnail\" alt=\"\" srcset=\"https:\/\/semaworld.com\/wp-content\/uploads\/2021\/09\/skb-150x150.jpg 150w, https:\/\/semaworld.com\/wp-content\/uploads\/2021\/09\/skb-100x100.jpg 100w\" sizes=\"(max-width: 150px) 100vw, 150px\" \/><div class=\"woocommerce-product-details__short-description\">\n\t<p>Equipo transportable para contener les efectos de un explosivo l\u00edquido a bordo de un avi\u00f3n. Permite almacenar el contenido liquido sospechoso en seguridad.<\/p><\/div>\n\n<\/a><a href=\"https:\/\/semaworld.com\/es\/produit\/sky-marshall-bag\/\" data-quantity=\"1\" class=\"button product_type_simple\" data-product_id=\"724\" data-product_sku=\"\" aria-label=\"Read more about &ldquo;Sky Marshall Bag&rdquo;\" aria-describedby=\"\" rel=\"nofollow\">Read more<\/a><\/li>\n\n<li class=\"product type-product post-725 status-publish last instock product_cat-anti-bomb has-post-thumbnail shipping-taxable product-type-simple\">\n\t<a href=\"https:\/\/semaworld.com\/es\/produit\/notebook-bomb-killer\/\"><h2 class=\"woocommerce-loop-product__title\">Notebook Bomb Killer<\/h2><img loading=\"lazy\" decoding=\"async\" width=\"150\" height=\"150\" src=\"https:\/\/semaworld.com\/wp-content\/uploads\/2021\/09\/NBK-150x150.jpg\" class=\"attachment-woocommerce_thumbnail size-woocommerce_thumbnail\" alt=\"\" srcset=\"https:\/\/semaworld.com\/wp-content\/uploads\/2021\/09\/NBK-150x150.jpg 150w, https:\/\/semaworld.com\/wp-content\/uploads\/2021\/09\/NBK-100x100.jpg 100w\" sizes=\"(max-width: 150px) 100vw, 150px\" \/><div class=\"woocommerce-product-details__short-description\">\n\t<p>Equipo de protecci\u00f3n contra ordenadores, tabletas t\u00e1ctil, MP3 o tel\u00e9fonos que puedan contener sustancias explosivas en un vuelo comercial.<\/p><\/div>\n\n<\/a><a href=\"https:\/\/semaworld.com\/es\/produit\/notebook-bomb-killer\/\" data-quantity=\"1\" class=\"button product_type_simple\" data-product_id=\"725\" data-product_sku=\"\" aria-label=\"Read more about &ldquo;Notebook Bomb Killer&rdquo;\" aria-describedby=\"\" rel=\"nofollow\">Read more<\/a><\/li>\n\n<li class=\"product type-product post-713 status-publish first instock product_cat-anti-bomb has-post-thumbnail shipping-taxable product-type-simple\">\n\t<a href=\"https:\/\/semaworld.com\/es\/produit\/fire-wall\/\"><h2 class=\"woocommerce-loop-product__title\">Fire Wall<\/h2><img loading=\"lazy\" decoding=\"async\" width=\"150\" height=\"150\" src=\"https:\/\/semaworld.com\/wp-content\/uploads\/2021\/09\/FW-5-150x150.jpg\" class=\"attachment-woocommerce_thumbnail size-woocommerce_thumbnail\" alt=\"\" srcset=\"https:\/\/semaworld.com\/wp-content\/uploads\/2021\/09\/FW-5-150x150.jpg 150w, https:\/\/semaworld.com\/wp-content\/uploads\/2021\/09\/FW-5-100x100.jpg 100w\" sizes=\"(max-width: 150px) 100vw, 150px\" \/><div class=\"woocommerce-product-details__short-description\">\n\t<p><\/p>\n<p style=\"text-align: left\">Protecci\u00f3n exterior o interior en la entrada de un edificio contra terroristas suicidas, coche bomba o artefactos explosivos improvisados. Protecci\u00f3n contra la onda explosiva y fragmentaci\u00f3n.<\/p>\n<p><\/p><\/div>\n\n<\/a><a href=\"https:\/\/semaworld.com\/es\/produit\/fire-wall\/\" data-quantity=\"1\" class=\"button product_type_simple\" data-product_id=\"713\" data-product_sku=\"\" aria-label=\"Read more about &ldquo;Fire Wall&rdquo;\" aria-describedby=\"\" rel=\"nofollow\">Read more<\/a><\/li>\n\n<li class=\"product type-product post-729 status-publish instock product_cat-anti-bomb has-post-thumbnail shipping-taxable product-type-simple\">\n\t<a href=\"https:\/\/semaworld.com\/es\/produit\/letter-bomb-killer\/\"><h2 class=\"woocommerce-loop-product__title\">Letter Bomb Killer<\/h2><img loading=\"lazy\" decoding=\"async\" width=\"150\" height=\"150\" src=\"https:\/\/semaworld.com\/wp-content\/uploads\/2021\/09\/LBK-DETOUR-150x150.jpg\" class=\"attachment-woocommerce_thumbnail size-woocommerce_thumbnail\" alt=\"\" srcset=\"https:\/\/semaworld.com\/wp-content\/uploads\/2021\/09\/LBK-DETOUR-150x150.jpg 150w, https:\/\/semaworld.com\/wp-content\/uploads\/2021\/09\/LBK-DETOUR-100x100.jpg 100w\" sizes=\"(max-width: 150px) 100vw, 150px\" \/><div class=\"woocommerce-product-details__short-description\">\n\t<p>Equipo de protecci\u00f3n para servicios de mensajer\u00eda en edificios privados o estatales contra mensajeros y paquetes que puedan contener explosivos.<\/p><\/div>\n\n<\/a><a href=\"https:\/\/semaworld.com\/es\/produit\/letter-bomb-killer\/\" data-quantity=\"1\" class=\"button product_type_simple\" data-product_id=\"729\" data-product_sku=\"\" aria-label=\"Read more about &ldquo;Letter Bomb Killer&rdquo;\" aria-describedby=\"\" rel=\"nofollow\">Read more<\/a><\/li>\n\n<li class=\"product type-product post-737 status-publish last instock product_cat-anti-bomb has-post-thumbnail shipping-taxable product-type-simple\">\n\t<a href=\"https:\/\/semaworld.com\/es\/produit\/human-bomb-killer\/\"><h2 class=\"woocommerce-loop-product__title\">Human Bomb Killer<\/h2><img loading=\"lazy\" decoding=\"async\" width=\"150\" height=\"150\" src=\"https:\/\/semaworld.com\/wp-content\/uploads\/2021\/09\/HBK-photo-150x150.jpg\" class=\"attachment-woocommerce_thumbnail size-woocommerce_thumbnail\" alt=\"\" srcset=\"https:\/\/semaworld.com\/wp-content\/uploads\/2021\/09\/HBK-photo-150x150.jpg 150w, https:\/\/semaworld.com\/wp-content\/uploads\/2021\/09\/HBK-photo-100x100.jpg 100w\" sizes=\"(max-width: 150px) 100vw, 150px\" \/><div class=\"woocommerce-product-details__short-description\">\n\t<p>Protecci\u00f3n contra un disparo kamikaze en interiores para crear un corredor de salida seguro para los rehenes. Canalizaci\u00f3n de la onda explosiva y reduci\u00f3n de la fragmentaci\u00f3n.<\/p><\/div>\n\n<\/a><a href=\"https:\/\/semaworld.com\/es\/produit\/human-bomb-killer\/\" data-quantity=\"1\" class=\"button product_type_simple\" data-product_id=\"737\" data-product_sku=\"\" aria-label=\"Read more about &ldquo;Human Bomb Killer&rdquo;\" aria-describedby=\"\" rel=\"nofollow\">Read more<\/a><\/li>\n\n<li class=\"product type-product post-749 status-publish first instock product_cat-anti-bomb has-post-thumbnail shipping-taxable product-type-simple\">\n\t<a href=\"https:\/\/semaworld.com\/es\/produit\/letter-bomb-protection-draft\/\"><h2 class=\"woocommerce-loop-product__title\">Letter Bomb Protection<\/h2><img loading=\"lazy\" decoding=\"async\" width=\"150\" height=\"150\" src=\"https:\/\/semaworld.com\/wp-content\/uploads\/2021\/09\/LBP-2-150x150.jpg\" class=\"attachment-woocommerce_thumbnail size-woocommerce_thumbnail\" alt=\"gilet femme\" srcset=\"https:\/\/semaworld.com\/wp-content\/uploads\/2021\/09\/LBP-2-150x150.jpg 150w, https:\/\/semaworld.com\/wp-content\/uploads\/2021\/09\/LBP-2-100x100.jpg 100w\" sizes=\"(max-width: 150px) 100vw, 150px\" \/><div class=\"woocommerce-product-details__short-description\">\n\t<p>Pantalla anti-rotura para abrir correo y paquetes sospechosos, mangas de aramida y resistentes al fuego.<\/p><\/div>\n\n<\/a><a href=\"https:\/\/semaworld.com\/es\/produit\/letter-bomb-protection-draft\/\" data-quantity=\"1\" class=\"button product_type_simple\" data-product_id=\"749\" data-product_sku=\"\" aria-label=\"Read more about &ldquo;Letter Bomb Protection&rdquo;\" aria-describedby=\"\" rel=\"nofollow\">Read more<\/a><\/li>\n\n<li class=\"product type-product post-2002 status-publish instock product_cat-anti-bomb has-post-thumbnail shipping-taxable product-type-simple\">\n\t<a href=\"https:\/\/semaworld.com\/es\/produit\/battery-flight-equipment\/\"><h2 class=\"woocommerce-loop-product__title\">Battery Flight Equipment<\/h2><img loading=\"lazy\" decoding=\"async\" width=\"150\" height=\"150\" src=\"https:\/\/semaworld.com\/wp-content\/uploads\/2025\/12\/BFE-e1765527601351-150x150.png\" class=\"attachment-woocommerce_thumbnail size-woocommerce_thumbnail\" alt=\"\" srcset=\"https:\/\/semaworld.com\/wp-content\/uploads\/2025\/12\/BFE-e1765527601351-150x150.png 150w, https:\/\/semaworld.com\/wp-content\/uploads\/2025\/12\/BFE-e1765527601351-100x100.png 100w\" sizes=\"(max-width: 150px) 100vw, 150px\" \/><div class=\"woocommerce-product-details__short-description\">\n\t<p>Equipo de seguridad para el transporte de bater\u00edas, tabletas, tel\u00e9fonos m\u00f3viles\u2026 por aire, tierra y mar.<\/p><\/div>\n\n<\/a><a href=\"https:\/\/semaworld.com\/es\/produit\/battery-flight-equipment\/\" data-quantity=\"1\" class=\"button product_type_simple\" data-product_id=\"2002\" data-product_sku=\"\" aria-label=\"Read more about &ldquo;Battery Flight Equipment&rdquo;\" aria-describedby=\"\" rel=\"nofollow\">Read more<\/a><\/li>\n<\/ul>\n<\/div>\n","protected":false},"excerpt":{"rendered":"","protected":false},"author":3,"featured_media":0,"parent":0,"menu_order":0,"comment_status":"closed","ping_status":"closed","template":"page-templates\/full-width-page.php","meta":{"footnotes":""},"_links":{"self":[{"href":"https:\/\/semaworld.com\/es\/wp-json\/wp\/v2\/pages\/356"}],"collection":[{"href":"https:\/\/semaworld.com\/es\/wp-json\/wp\/v2\/pages"}],"about":[{"href":"https:\/\/semaworld.com\/es\/wp-json\/wp\/v2\/types\/page"}],"author":[{"embeddable":true,"href":"https:\/\/semaworld.com\/es\/wp-json\/wp\/v2\/users\/3"}],"replies":[{"embeddable":true,"href":"https:\/\/semaworld.com\/es\/wp-json\/wp\/v2\/comments?post=356"}],"version-history":[{"count":4,"href":"https:\/\/semaworld.com\/es\/wp-json\/wp\/v2\/pages\/356\/revisions"}],"predecessor-version":[{"id":1189,"href":"https:\/\/semaworld.com\/es\/wp-json\/wp\/v2\/pages\/356\/revisions\/1189"}],"wp:attachment":[{"href":"https:\/\/semaworld.com\/es\/wp-json\/wp\/v2\/media?parent=356"}],"curies":[{"name":"wp","href":"https:\/\/api.w.org\/{rel}","templated":true}]}}