{"id":1545,"date":"2021-09-29T10:30:31","date_gmt":"2021-09-29T08:30:31","guid":{"rendered":"https:\/\/semaworld.sjsolutions.net\/?page_id=1545"},"modified":"2021-09-29T10:30:31","modified_gmt":"2021-09-29T08:30:31","slug":"protection-des-donnees-personnelles","status":"publish","type":"page","link":"https:\/\/semaworld.com\/es\/protection-des-donnees-personnelles\/","title":{"rendered":"(Fran\u00e7ais) Protection des donn\u00e9es personnelles"},"content":{"rendered":"<p class=\"qtranxs-available-languages-message qtranxs-available-languages-message-es\">Disculpa, pero esta entrada est\u00e1 disponible s\u00f3lo en <a href=\"https:\/\/semaworld.com\/fr\/wp-json\/wp\/v2\/pages\/1545\" class=\"qtranxs-available-language-link qtranxs-available-language-link-fr\" title=\"Fran\u00e7ais\">Franc\u00e9s<\/a>.<\/p>","protected":false},"excerpt":{"rendered":"<p>Disculpa, pero esta entrada est\u00e1 disponible s\u00f3lo en Franc\u00e9s.<\/p>\n","protected":false},"author":3,"featured_media":0,"parent":0,"menu_order":0,"comment_status":"closed","ping_status":"closed","template":"","meta":{"footnotes":""},"_links":{"self":[{"href":"https:\/\/semaworld.com\/es\/wp-json\/wp\/v2\/pages\/1545"}],"collection":[{"href":"https:\/\/semaworld.com\/es\/wp-json\/wp\/v2\/pages"}],"about":[{"href":"https:\/\/semaworld.com\/es\/wp-json\/wp\/v2\/types\/page"}],"author":[{"embeddable":true,"href":"https:\/\/semaworld.com\/es\/wp-json\/wp\/v2\/users\/3"}],"replies":[{"embeddable":true,"href":"https:\/\/semaworld.com\/es\/wp-json\/wp\/v2\/comments?post=1545"}],"version-history":[{"count":1,"href":"https:\/\/semaworld.com\/es\/wp-json\/wp\/v2\/pages\/1545\/revisions"}],"predecessor-version":[{"id":1546,"href":"https:\/\/semaworld.com\/es\/wp-json\/wp\/v2\/pages\/1545\/revisions\/1546"}],"wp:attachment":[{"href":"https:\/\/semaworld.com\/es\/wp-json\/wp\/v2\/media?parent=1545"}],"curies":[{"name":"wp","href":"https:\/\/api.w.org\/{rel}","templated":true}]}}