{"id":142,"date":"2021-09-17T15:21:20","date_gmt":"2021-09-17T13:21:20","guid":{"rendered":"http:\/\/www.semaworld.test\/?page_id=142"},"modified":"2024-01-31T15:10:46","modified_gmt":"2024-01-31T14:10:46","slug":"societe","status":"publish","type":"page","link":"https:\/\/semaworld.com\/es\/societe\/","title":{"rendered":"Soci\u00e9t\u00e9"},"content":{"rendered":"<div data-colibri-id=\"142-c1\" class=\"style-326 style-local-142-c1 position-relative\">\n  <!---->\n  <div data-colibri-component=\"section\" data-colibri-id=\"142-c2\" id=\"blank\" class=\"h-section h-section-global-spacing d-flex align-items-lg-center align-items-md-center align-items-center style-327 style-local-142-c2 position-relative\">\n    <!---->\n    <!---->\n    <div class=\"h-section-grid-container h-section-fluid-container\">\n      <!---->\n      <div data-colibri-id=\"142-c3\" class=\"h-row-container gutters-row-lg-0 gutters-row-md-0 gutters-row-0 gutters-row-v-lg-0 gutters-row-v-md-0 gutters-row-v-0 style-355 style-local-142-c3 position-relative\">\n        <!---->\n        <div class=\"h-row justify-content-lg-center justify-content-md-center justify-content-center align-items-lg-center align-items-md-center align-items-center gutters-col-lg-0 gutters-col-md-0 gutters-col-0 gutters-col-v-lg-0 gutters-col-v-md-0 gutters-col-v-0\">\n          <!---->\n          <div class=\"h-column h-column-container d-flex h-col-lg-auto h-col-md-auto h-col-auto align-self-lg-center align-self-md-center align-self-center style-357-outer style-local-142-c4-outer\">\n            <div data-colibri-id=\"142-c4\" class=\"d-flex h-flex-basis h-column__inner h-px-lg-2 h-px-md-2 h-px-2 v-inner-lg-2 v-inner-md-2 v-inner-2 style-357 style-local-142-c4 position-relative\">\n              <!---->\n              <!---->\n              <div class=\"w-100 h-y-container h-column__content h-column__v-align flex-basis-100 align-self-lg-center align-self-md-center align-self-center\">\n                <!---->\n                <div data-colibri-id=\"142-c5\" class=\"h-text h-text-component style-367 style-local-142-c5 position-relative h-element\">\n                  <!---->\n                  <!---->\n                  <div class=\"\">\n                    <p>SEMA, fabricante de soluciones innovadoras contra la amenaza terrorista<\/p>\n                  <\/div>\n                <\/div>\n                <div data-colibri-id=\"142-c6\" class=\"h-text h-text-component style-363 style-local-142-c6 position-relative h-element\">\n                  <!---->\n                  <!---->\n                  <div class=\"\">\n                    <p><\/p>\n                    <p>SEMA tiene m\u00e1s de 50 a\u00f1os de experiencia en equipos militares y soluciones antiterroristas.<\/p>\n                    <p>\n                      <br>\n                    <\/p>\n                    <p>SEMA WORLD secretos del \u00e9xito son:<\/p>\n                    <p>\u2022&nbsp;&nbsp;&nbsp;Un equipo encargado de analizar todos los actos terroristas (intento de ataque o ataque) en todo el mundo.<\/p>\n                    <p>\u2022&nbsp;&nbsp;&nbsp;Representantes especializados en todo el mundo, con capacitad de ofrecer soluciones de cada solicitud del cliente.<\/p>\n                    <p><span style=\"font-family: Symbol;\">\u00b7&nbsp;&nbsp;&nbsp;&nbsp;&nbsp;&nbsp;&nbsp;&nbsp;<\/span>Capacidad de respuesta de la fabrica<\/p>\n                    <p>\u2022&nbsp;&nbsp;&nbsp;&nbsp;&nbsp;&nbsp;&nbsp;&nbsp;Innovaci\u00f3n por el conocimiento de los expertos en R&amp;D. Desarrollan soluciones utilizando nuevas tecnolog\u00edas y archivan patentes.<\/p>\n                    <p>\u2022&nbsp;&nbsp;&nbsp;Referencias en el sector p\u00fablico y privado en los 5 continentes.<\/p>\n                    <p><\/p>\n                  <\/div>\n                <\/div>\n              <\/div>\n            <\/div>\n          <\/div>\n        <\/div>\n      <\/div>\n    <\/div>\n  <\/div>\n<\/div>","protected":false},"excerpt":{"rendered":"<p>SEMA, fabricante de soluciones innovadoras contra la amenaza terrorista SEMA tiene m\u00e1s de 50 a\u00f1os de experiencia en equipos militares y soluciones antiterroristas. SEMA WORLD secretos del \u00e9xito son: \u2022&nbsp;&nbsp;&nbsp;Un equipo encargado de analizar todos los actos terroristas (intento de ataque o ataque) en todo el mundo. \u2022&nbsp;&nbsp;&nbsp;Representantes especializados en todo el mundo, con capacitad [&hellip;]<\/p>\n","protected":false},"author":3,"featured_media":0,"parent":0,"menu_order":0,"comment_status":"closed","ping_status":"closed","template":"page-templates\/full-width-page.php","meta":{"footnotes":""},"_links":{"self":[{"href":"https:\/\/semaworld.com\/es\/wp-json\/wp\/v2\/pages\/142"}],"collection":[{"href":"https:\/\/semaworld.com\/es\/wp-json\/wp\/v2\/pages"}],"about":[{"href":"https:\/\/semaworld.com\/es\/wp-json\/wp\/v2\/types\/page"}],"author":[{"embeddable":true,"href":"https:\/\/semaworld.com\/es\/wp-json\/wp\/v2\/users\/3"}],"replies":[{"embeddable":true,"href":"https:\/\/semaworld.com\/es\/wp-json\/wp\/v2\/comments?post=142"}],"version-history":[{"count":20,"href":"https:\/\/semaworld.com\/es\/wp-json\/wp\/v2\/pages\/142\/revisions"}],"predecessor-version":[{"id":1909,"href":"https:\/\/semaworld.com\/es\/wp-json\/wp\/v2\/pages\/142\/revisions\/1909"}],"wp:attachment":[{"href":"https:\/\/semaworld.com\/es\/wp-json\/wp\/v2\/media?parent=142"}],"curies":[{"name":"wp","href":"https:\/\/api.w.org\/{rel}","templated":true}]}}